{"id":1198,"date":"2022-11-21T16:36:00","date_gmt":"2022-11-21T16:36:00","guid":{"rendered":"https:\/\/www.worldhailsystem.com\/contatti\/"},"modified":"2026-01-23T10:21:23","modified_gmt":"2026-01-23T10:21:23","slug":"contatti","status":"publish","type":"page","link":"https:\/\/www.worldhailsystem.com\/fr\/contatti\/","title":{"rendered":"Contacts"},"content":{"rendered":"\t\t<div data-elementor-type=\"wp-page\" data-elementor-id=\"1198\" class=\"elementor elementor-1198 elementor-663\" data-elementor-post-type=\"page\">\n\t\t\t\t\t\t<section class=\"elementor-section elementor-top-section elementor-element elementor-element-7be3964b elementor-section-boxed elementor-section-height-default elementor-section-height-default\" data-id=\"7be3964b\" data-element_type=\"section\" data-settings=\"{&quot;background_background&quot;:&quot;classic&quot;}\">\n\t\t\t\t\t\t<div class=\"elementor-container elementor-column-gap-default\">\n\t\t\t\t\t<div class=\"elementor-column elementor-col-100 elementor-top-column elementor-element elementor-element-418ebae0\" data-id=\"418ebae0\" data-element_type=\"column\">\n\t\t\t<div class=\"elementor-widget-wrap elementor-element-populated\">\n\t\t\t\t\t\t<div class=\"elementor-element elementor-element-17f64324 elementor-widget elementor-widget-heading\" data-id=\"17f64324\" data-element_type=\"widget\" data-widget_type=\"heading.default\">\n\t\t\t\t<div class=\"elementor-widget-container\">\n\t\t\t\t\t<h1 class=\"elementor-heading-title elementor-size-default\">Contacts<\/h1>\t\t\t\t<\/div>\n\t\t\t\t<\/div>\n\t\t\t\t<div class=\"elementor-element elementor-element-3979aee3 elementor-widget elementor-widget-html\" data-id=\"3979aee3\" data-element_type=\"widget\" data-widget_type=\"html.default\">\n\t\t\t\t<div class=\"elementor-widget-container\">\n\t\t\t\t\t<p class=\"heading-subtitle white\">Envoyez-nous un message, nous vous r\u00e9pondrons sous peu.<\/p>\t\t\t\t<\/div>\n\t\t\t\t<\/div>\n\t\t\t\t\t<\/div>\n\t\t<\/div>\n\t\t\t\t\t<\/div>\n\t\t<\/section>\n\t\t\t\t<section class=\"elementor-section elementor-top-section elementor-element elementor-element-4bd318f elementor-section-boxed elementor-section-height-default elementor-section-height-default\" data-id=\"4bd318f\" data-element_type=\"section\">\n\t\t\t\t\t\t<div class=\"elementor-container elementor-column-gap-default\">\n\t\t\t\t\t<div class=\"elementor-column elementor-col-50 elementor-top-column elementor-element elementor-element-18d7b94\" data-id=\"18d7b94\" data-element_type=\"column\">\n\t\t\t<div class=\"elementor-widget-wrap elementor-element-populated\">\n\t\t\t\t\t\t<div class=\"elementor-element elementor-element-131f4c2 elementor-widget elementor-widget-html\" data-id=\"131f4c2\" data-element_type=\"widget\" data-widget_type=\"html.default\">\n\t\t\t\t<div class=\"elementor-widget-container\">\n\t\t\t\t\t<h2>Demande d'information<\/h2>\n<p class=\"subtitle\">Veuillez remplir le formulaire ci-dessous avec vos coordonn\u00e9es.<\/p>\t\t\t\t<\/div>\n\t\t\t\t<\/div>\n\t\t\t\t<div class=\"elementor-element elementor-element-a749592 elementor-widget elementor-widget-form\" data-id=\"a749592\" data-element_type=\"widget\" data-settings=\"{&quot;step_next_label&quot;:&quot;Successivo&quot;,&quot;step_previous_label&quot;:&quot;Precedente&quot;,&quot;button_width&quot;:&quot;100&quot;,&quot;step_type&quot;:&quot;number_text&quot;,&quot;step_icon_shape&quot;:&quot;circle&quot;}\" data-widget_type=\"form.default\">\n\t\t\t\t<div class=\"elementor-widget-container\">\n\t\t\t\t\t\t\t<form class=\"elementor-form\" method=\"post\" name=\"Nuovo modulo\">\n\t\t\t<input type=\"hidden\" name=\"post_id\" value=\"1198\"\/>\n\t\t\t<input type=\"hidden\" name=\"form_id\" value=\"a749592\"\/>\n\t\t\t<input type=\"hidden\" name=\"referer_title\" value=\"World Hail System\" \/>\n\n\t\t\t\n\t\t\t<div class=\"elementor-form-fields-wrapper elementor-labels-\">\n\t\t\t\t\t\t\t\t<div class=\"elementor-field-type-text elementor-field-group elementor-column elementor-field-group-name elementor-col-50 elementor-field-required\">\n\t\t\t\t\t\t\t\t\t\t\t\t<label for=\"form-field-name\" class=\"elementor-field-label elementor-screen-only\">\n\t\t\t\t\t\t\t\tNome\t\t\t\t\t\t\t<\/label>\n\t\t\t\t\t\t\t\t\t\t\t\t\t\t<input size=\"1\" type=\"text\" name=\"form_fields[name]\" id=\"form-field-name\" class=\"elementor-field elementor-size-sm  elementor-field-textual\" placeholder=\"Nom\" required=\"required\">\n\t\t\t\t\t\t\t\t\t\t\t<\/div>\n\t\t\t\t\t\t\t\t<div class=\"elementor-field-type-text elementor-field-group elementor-column elementor-field-group-ragione_sociale elementor-col-50\">\n\t\t\t\t\t\t\t\t\t\t\t\t<label for=\"form-field-ragione_sociale\" class=\"elementor-field-label elementor-screen-only\">\n\t\t\t\t\t\t\t\tRagione sociale\t\t\t\t\t\t\t<\/label>\n\t\t\t\t\t\t\t\t\t\t\t\t\t\t<input size=\"1\" type=\"text\" name=\"form_fields[ragione_sociale]\" id=\"form-field-ragione_sociale\" class=\"elementor-field elementor-size-sm  elementor-field-textual\" placeholder=\"Nom de la soci\u00e9t\u00e9 \">\n\t\t\t\t\t\t\t\t\t\t\t<\/div>\n\t\t\t\t\t\t\t\t<div class=\"elementor-field-type-tel elementor-field-group elementor-column elementor-field-group-telefono elementor-col-50\">\n\t\t\t\t\t\t\t\t\t\t\t\t<label for=\"form-field-telefono\" class=\"elementor-field-label elementor-screen-only\">\n\t\t\t\t\t\t\t\tTelefono\t\t\t\t\t\t\t<\/label>\n\t\t\t\t\t\t\t\t<input size=\"1\" type=\"tel\" name=\"form_fields[telefono]\" id=\"form-field-telefono\" class=\"elementor-field elementor-size-sm  elementor-field-textual\" placeholder=\"N\u00b0 de t\u00e9l\u00e9phone \" pattern=\"[0-9()#&amp;+*-=.]+\" title=\"Seuls les caract\u00e8res de num\u00e9ros de t\u00e9l\u00e9phone (#, -, *, etc.) sont accept\u00e9s.\">\n\n\t\t\t\t\t\t<\/div>\n\t\t\t\t\t\t\t\t<div class=\"elementor-field-type-email elementor-field-group elementor-column elementor-field-group-email elementor-col-50 elementor-field-required\">\n\t\t\t\t\t\t\t\t\t\t\t\t<label for=\"form-field-email\" class=\"elementor-field-label elementor-screen-only\">\n\t\t\t\t\t\t\t\tEmail\t\t\t\t\t\t\t<\/label>\n\t\t\t\t\t\t\t\t\t\t\t\t\t\t<input size=\"1\" type=\"email\" name=\"form_fields[email]\" id=\"form-field-email\" class=\"elementor-field elementor-size-sm  elementor-field-textual\" placeholder=\"Adresse e-mail\" required=\"required\">\n\t\t\t\t\t\t\t\t\t\t\t<\/div>\n\t\t\t\t\t\t\t\t<div class=\"elementor-field-type-textarea elementor-field-group elementor-column elementor-field-group-message elementor-col-100\">\n\t\t\t\t\t\t\t\t\t\t\t\t<label for=\"form-field-message\" class=\"elementor-field-label elementor-screen-only\">\n\t\t\t\t\t\t\t\tMessaggio\t\t\t\t\t\t\t<\/label>\n\t\t\t\t\t\t<textarea class=\"elementor-field-textual elementor-field  elementor-size-sm\" name=\"form_fields[message]\" id=\"form-field-message\" rows=\"5\" placeholder=\"Message\"><\/textarea>\t\t\t\t<\/div>\n\t\t\t\t\t\t\t\t<div class=\"elementor-field-type-acceptance elementor-field-group elementor-column elementor-field-group-accettazione elementor-col-100 elementor-field-required\">\n\t\t\t\t\t\t\t\t\t\t\t\t<label for=\"form-field-accettazione\" class=\"elementor-field-label elementor-screen-only\">\n\t\t\t\t\t\t\t\tAccettazione\t\t\t\t\t\t\t<\/label>\n\t\t\t\t\t\t\t\t<div class=\"elementor-field-subgroup\">\n\t\t\t<span class=\"elementor-field-option\">\n\t\t\t\t<input type=\"checkbox\" name=\"form_fields[accettazione]\" id=\"form-field-accettazione\" class=\"elementor-field elementor-size-sm  elementor-acceptance-field\" required=\"required\">\n\t\t\t\t<label for=\"form-field-accettazione\">J'accepte la <a href=\"https:\/\/www.worldhailsystem.com\/fr\/privacy-policy\/\" target=\"_blank\"> politique de confidentialit\u00e9 <\/a>.<\/label>\t\t\t<\/span>\n\t\t<\/div>\n\t\t\t\t\t\t<\/div>\n\t\t\t\t\t\t\t\t<div class=\"elementor-field-type-recaptcha_v3 elementor-field-group elementor-column elementor-field-group-recaptcha elementor-col-100 recaptcha_v3-bottomright\">\n\t\t\t\t\t<div class=\"elementor-field\" id=\"form-field-recaptcha\"><div class=\"elementor-g-recaptcha\" data-sitekey=\"6LcWMX0jAAAAAIlYYryD34Ri_fqsLJ4DNs5qWXEW\" data-type=\"v3\" data-action=\"Form\" data-badge=\"bottomright\" data-size=\"invisible\"><\/div><\/div>\t\t\t\t<\/div>\n\t\t\t\t\t\t\t\t<div class=\"elementor-field-group elementor-column elementor-field-type-submit elementor-col-100 e-form__buttons\">\n\t\t\t\t\t<button class=\"elementor-button elementor-size-sm\" type=\"submit\">\n\t\t\t\t\t\t<span class=\"elementor-button-content-wrapper\">\n\t\t\t\t\t\t\t\t\t\t\t\t\t\t\t\t\t\t\t\t\t\t<span class=\"elementor-button-text\">Envoyer la demande<\/span>\n\t\t\t\t\t\t\t\t\t\t\t\t\t<\/span>\n\t\t\t\t\t<\/button>\n\t\t\t\t<\/div>\n\t\t\t<\/div>\n\t\t<\/form>\n\t\t\t\t\t\t<\/div>\n\t\t\t\t<\/div>\n\t\t\t\t\t<\/div>\n\t\t<\/div>\n\t\t\t\t<div class=\"elementor-column elementor-col-50 elementor-top-column elementor-element elementor-element-45e0076\" data-id=\"45e0076\" data-element_type=\"column\">\n\t\t\t<div class=\"elementor-widget-wrap elementor-element-populated\">\n\t\t\t\t\t\t<div class=\"elementor-element elementor-element-a5cd1cb elementor-widget elementor-widget-html\" data-id=\"a5cd1cb\" data-element_type=\"widget\" data-widget_type=\"html.default\">\n\t\t\t\t<div class=\"elementor-widget-container\">\n\t\t\t\t\t<h2>Nos si\u00e8ges<\/h2>\t\t\t\t<\/div>\n\t\t\t\t<\/div>\n\t\t\t\t<div class=\"elementor-element elementor-element-f9e1f0a elementor-widget elementor-widget-html\" data-id=\"f9e1f0a\" data-element_type=\"widget\" data-widget_type=\"html.default\">\n\t\t\t\t<div class=\"elementor-widget-container\">\n\t\t\t\t\t<div class=\"sedi\">\n    <div class=\"sedi--sede\">\n      <p><strong>MONACO<\/strong><br>\n        1 Rue du Gabian<br>\n        98000 <strong>Monaco<\/strong><\/p>\n    <\/div>\n    <div class=\"sedi--sede\">\n      <p><strong>ROUMANIE<\/strong><br>\n      Str. Traian nr. 68\u00b0 Camera 4, etaj 1<br>\n      <strong>Judet Constanta<\/strong> 900716 Roumanie<\/p>\n    <\/div>\n<\/div>\t\t\t\t<\/div>\n\t\t\t\t<\/div>\n\t\t\t\t\t<\/div>\n\t\t<\/div>\n\t\t\t\t\t<\/div>\n\t\t<\/section>\n\t\t\t\t<section class=\"elementor-section elementor-top-section elementor-element elementor-element-275b2d6 elementor-section-full_width elementor-section-height-default elementor-section-height-default\" data-id=\"275b2d6\" data-element_type=\"section\">\n\t\t\t\t\t\t<div class=\"elementor-container elementor-column-gap-default\">\n\t\t\t\t\t<div class=\"elementor-column elementor-col-100 elementor-top-column elementor-element elementor-element-5f16334\" data-id=\"5f16334\" data-element_type=\"column\">\n\t\t\t<div class=\"elementor-widget-wrap elementor-element-populated\">\n\t\t\t\t\t\t<div class=\"elementor-element elementor-element-6bec355 elementor-widget elementor-widget-html\" data-id=\"6bec355\" data-element_type=\"widget\" data-widget_type=\"html.default\">\n\t\t\t\t<div class=\"elementor-widget-container\">\n\t\t\t\t\t<iframe src=\"https:\/\/www.google.com\/maps\/embed?pb=!1m18!1m12!1m3!1d2882.1498332281853!2d7.431911715993679!3d43.74898525424857!2m3!1f0!2f0!3f0!3m2!1i1024!2i768!4f13.1!3m3!1m2!1s0x12cdc279c2812bb3%3A0x5c5d1443597dd490!2s29%20Bd%20d&#39;Italie%2C%2098000%20Monaco!5e0!3m2!1sit!2sit!4v1669049636805!5m2!1sit!2sit\" width=\"100%\" height=\"600\" style=\"border:0;\" allowfullscreen=\"\" loading=\"lazy\" referrerpolicy=\"no-referrer-when-downgrade\"><\/iframe>\t\t\t\t<\/div>\n\t\t\t\t<\/div>\n\t\t\t\t\t<\/div>\n\t\t<\/div>\n\t\t\t\t\t<\/div>\n\t\t<\/section>\n\t\t\t\t<\/div>\n\t\t","protected":false},"excerpt":{"rendered":"<p>Contacts Envoyez-nous un message, nous vous r\u00e9pondrons sous peu. Demande d&rsquo;information Veuillez remplir le formulaire ci-dessous avec vos coordonn\u00e9es. Nos si\u00e8ges MONACO 1 Rue du Gabian 98000 Monaco ROUMANIE Str. Traian nr. 68\u00b0 Camera 4, etaj 1 Judet Constanta 900716 Roumanie<\/p>\n","protected":false},"author":1,"featured_media":0,"parent":0,"menu_order":0,"comment_status":"closed","ping_status":"closed","template":"","meta":{"inline_featured_image":false,"footnotes":""},"class_list":["post-1198","page","type-page","status-publish","hentry"],"yoast_head":"<!-- This site is optimized with the Yoast SEO plugin v24.6 - https:\/\/yoast.com\/wordpress\/plugins\/seo\/ -->\n<title>Contacts - World Hail System<\/title>\n<meta name=\"robots\" content=\"index, follow, max-snippet:-1, max-image-preview:large, max-video-preview:-1\" \/>\n<link rel=\"canonical\" href=\"https:\/\/www.worldhailsystem.com\/fr\/contatti\/\" \/>\n<meta property=\"og:locale\" content=\"fr_FR\" \/>\n<meta property=\"og:type\" content=\"article\" \/>\n<meta property=\"og:title\" content=\"Contacts - World Hail System\" \/>\n<meta property=\"og:description\" content=\"Contacts Envoyez-nous un message, nous vous r\u00e9pondrons sous peu. Demande d&rsquo;information Veuillez remplir le formulaire ci-dessous avec vos coordonn\u00e9es. Nos si\u00e8ges MONACO 1 Rue du Gabian 98000 Monaco ROUMANIE Str. Traian nr. 68\u00b0 Camera 4, etaj 1 Judet Constanta 900716 Roumanie\" \/>\n<meta property=\"og:url\" content=\"https:\/\/www.worldhailsystem.com\/fr\/contatti\/\" \/>\n<meta property=\"og:site_name\" content=\"World Hail System\" \/>\n<meta property=\"article:modified_time\" content=\"2026-01-23T10:21:23+00:00\" \/>\n<meta name=\"twitter:card\" content=\"summary_large_image\" \/>\n<meta name=\"twitter:label1\" content=\"Dur\u00e9e de lecture estim\u00e9e\" \/>\n\t<meta name=\"twitter:data1\" content=\"1 minute\" \/>\n<script type=\"application\/ld+json\" class=\"yoast-schema-graph\">{\"@context\":\"https:\/\/schema.org\",\"@graph\":[{\"@type\":\"WebPage\",\"@id\":\"https:\/\/www.worldhailsystem.com\/fr\/contatti\/\",\"url\":\"https:\/\/www.worldhailsystem.com\/fr\/contatti\/\",\"name\":\"Contacts - World Hail System\",\"isPartOf\":{\"@id\":\"https:\/\/www.worldhailsystem.com\/#website\"},\"datePublished\":\"2022-11-21T16:36:00+00:00\",\"dateModified\":\"2026-01-23T10:21:23+00:00\",\"breadcrumb\":{\"@id\":\"https:\/\/www.worldhailsystem.com\/fr\/contatti\/#breadcrumb\"},\"inLanguage\":\"fr-FR\",\"potentialAction\":[{\"@type\":\"ReadAction\",\"target\":[\"https:\/\/www.worldhailsystem.com\/fr\/contatti\/\"]}]},{\"@type\":\"BreadcrumbList\",\"@id\":\"https:\/\/www.worldhailsystem.com\/fr\/contatti\/#breadcrumb\",\"itemListElement\":[{\"@type\":\"ListItem\",\"position\":1,\"name\":\"Home\",\"item\":\"https:\/\/www.worldhailsystem.com\/en\/\"},{\"@type\":\"ListItem\",\"position\":2,\"name\":\"Contacts\"}]},{\"@type\":\"WebSite\",\"@id\":\"https:\/\/www.worldhailsystem.com\/#website\",\"url\":\"https:\/\/www.worldhailsystem.com\/\",\"name\":\"WorldHail System\",\"description\":\"Tecnologie innovative e servizi di alta qualit&agrave; per l&#039;autoveicolo\",\"publisher\":{\"@id\":\"https:\/\/www.worldhailsystem.com\/#organization\"},\"potentialAction\":[{\"@type\":\"SearchAction\",\"target\":{\"@type\":\"EntryPoint\",\"urlTemplate\":\"https:\/\/www.worldhailsystem.com\/?s={search_term_string}\"},\"query-input\":{\"@type\":\"PropertyValueSpecification\",\"valueRequired\":true,\"valueName\":\"search_term_string\"}}],\"inLanguage\":\"fr-FR\"},{\"@type\":\"Organization\",\"@id\":\"https:\/\/www.worldhailsystem.com\/#organization\",\"name\":\"WorldHail System\",\"url\":\"https:\/\/www.worldhailsystem.com\/\",\"logo\":{\"@type\":\"ImageObject\",\"inLanguage\":\"fr-FR\",\"@id\":\"https:\/\/www.worldhailsystem.com\/#\/schema\/logo\/image\/\",\"url\":\"https:\/\/www.worldhailsystem.com\/wp-content\/uploads\/2022\/11\/whs-world-hail-system-logo.png\",\"contentUrl\":\"https:\/\/www.worldhailsystem.com\/wp-content\/uploads\/2022\/11\/whs-world-hail-system-logo.png\",\"width\":260,\"height\":280,\"caption\":\"WorldHail System\"},\"image\":{\"@id\":\"https:\/\/www.worldhailsystem.com\/#\/schema\/logo\/image\/\"}}]}<\/script>\n<!-- \/ Yoast SEO plugin. -->","yoast_head_json":{"title":"Contacts - World Hail System","robots":{"index":"index","follow":"follow","max-snippet":"max-snippet:-1","max-image-preview":"max-image-preview:large","max-video-preview":"max-video-preview:-1"},"canonical":"https:\/\/www.worldhailsystem.com\/fr\/contatti\/","og_locale":"fr_FR","og_type":"article","og_title":"Contacts - World Hail System","og_description":"Contacts Envoyez-nous un message, nous vous r\u00e9pondrons sous peu. Demande d&rsquo;information Veuillez remplir le formulaire ci-dessous avec vos coordonn\u00e9es. Nos si\u00e8ges MONACO 1 Rue du Gabian 98000 Monaco ROUMANIE Str. Traian nr. 68\u00b0 Camera 4, etaj 1 Judet Constanta 900716 Roumanie","og_url":"https:\/\/www.worldhailsystem.com\/fr\/contatti\/","og_site_name":"World Hail System","article_modified_time":"2026-01-23T10:21:23+00:00","twitter_card":"summary_large_image","twitter_misc":{"Dur\u00e9e de lecture estim\u00e9e":"1 minute"},"schema":{"@context":"https:\/\/schema.org","@graph":[{"@type":"WebPage","@id":"https:\/\/www.worldhailsystem.com\/fr\/contatti\/","url":"https:\/\/www.worldhailsystem.com\/fr\/contatti\/","name":"Contacts - World Hail System","isPartOf":{"@id":"https:\/\/www.worldhailsystem.com\/#website"},"datePublished":"2022-11-21T16:36:00+00:00","dateModified":"2026-01-23T10:21:23+00:00","breadcrumb":{"@id":"https:\/\/www.worldhailsystem.com\/fr\/contatti\/#breadcrumb"},"inLanguage":"fr-FR","potentialAction":[{"@type":"ReadAction","target":["https:\/\/www.worldhailsystem.com\/fr\/contatti\/"]}]},{"@type":"BreadcrumbList","@id":"https:\/\/www.worldhailsystem.com\/fr\/contatti\/#breadcrumb","itemListElement":[{"@type":"ListItem","position":1,"name":"Home","item":"https:\/\/www.worldhailsystem.com\/en\/"},{"@type":"ListItem","position":2,"name":"Contacts"}]},{"@type":"WebSite","@id":"https:\/\/www.worldhailsystem.com\/#website","url":"https:\/\/www.worldhailsystem.com\/","name":"WorldHail System","description":"Tecnologie innovative e servizi di alta qualit&agrave; per l&#039;autoveicolo","publisher":{"@id":"https:\/\/www.worldhailsystem.com\/#organization"},"potentialAction":[{"@type":"SearchAction","target":{"@type":"EntryPoint","urlTemplate":"https:\/\/www.worldhailsystem.com\/?s={search_term_string}"},"query-input":{"@type":"PropertyValueSpecification","valueRequired":true,"valueName":"search_term_string"}}],"inLanguage":"fr-FR"},{"@type":"Organization","@id":"https:\/\/www.worldhailsystem.com\/#organization","name":"WorldHail System","url":"https:\/\/www.worldhailsystem.com\/","logo":{"@type":"ImageObject","inLanguage":"fr-FR","@id":"https:\/\/www.worldhailsystem.com\/#\/schema\/logo\/image\/","url":"https:\/\/www.worldhailsystem.com\/wp-content\/uploads\/2022\/11\/whs-world-hail-system-logo.png","contentUrl":"https:\/\/www.worldhailsystem.com\/wp-content\/uploads\/2022\/11\/whs-world-hail-system-logo.png","width":260,"height":280,"caption":"WorldHail System"},"image":{"@id":"https:\/\/www.worldhailsystem.com\/#\/schema\/logo\/image\/"}}]}},"_links":{"self":[{"href":"https:\/\/www.worldhailsystem.com\/fr\/wp-json\/wp\/v2\/pages\/1198","targetHints":{"allow":["GET"]}}],"collection":[{"href":"https:\/\/www.worldhailsystem.com\/fr\/wp-json\/wp\/v2\/pages"}],"about":[{"href":"https:\/\/www.worldhailsystem.com\/fr\/wp-json\/wp\/v2\/types\/page"}],"author":[{"embeddable":true,"href":"https:\/\/www.worldhailsystem.com\/fr\/wp-json\/wp\/v2\/users\/1"}],"replies":[{"embeddable":true,"href":"https:\/\/www.worldhailsystem.com\/fr\/wp-json\/wp\/v2\/comments?post=1198"}],"version-history":[{"count":23,"href":"https:\/\/www.worldhailsystem.com\/fr\/wp-json\/wp\/v2\/pages\/1198\/revisions"}],"predecessor-version":[{"id":1910,"href":"https:\/\/www.worldhailsystem.com\/fr\/wp-json\/wp\/v2\/pages\/1198\/revisions\/1910"}],"wp:attachment":[{"href":"https:\/\/www.worldhailsystem.com\/fr\/wp-json\/wp\/v2\/media?parent=1198"}],"curies":[{"name":"wp","href":"https:\/\/api.w.org\/{rel}","templated":true}]}}