{"id":1479,"date":"2023-04-04T13:12:53","date_gmt":"2023-04-04T13:12:53","guid":{"rendered":"https:\/\/www.worldhailsystem.com\/?page_id=1479"},"modified":"2023-04-06T08:02:45","modified_gmt":"2023-04-06T08:02:45","slug":"azienda","status":"publish","type":"page","link":"https:\/\/www.worldhailsystem.com\/fr\/azienda\/","title":{"rendered":"L&rsquo;Entreprise"},"content":{"rendered":"\t\t<div data-elementor-type=\"wp-page\" data-elementor-id=\"1479\" class=\"elementor elementor-1479 elementor-1477\" data-elementor-post-type=\"page\">\n\t\t\t\t\t\t<section class=\"elementor-section elementor-top-section elementor-element elementor-element-f21162d elementor-section-boxed elementor-section-height-default elementor-section-height-default\" data-id=\"f21162d\" data-element_type=\"section\" data-settings=\"{&quot;background_background&quot;:&quot;classic&quot;}\">\n\t\t\t\t\t\t<div class=\"elementor-container elementor-column-gap-default\">\n\t\t\t\t\t<div class=\"elementor-column elementor-col-100 elementor-top-column elementor-element elementor-element-61e8ed0\" data-id=\"61e8ed0\" data-element_type=\"column\">\n\t\t\t<div class=\"elementor-widget-wrap elementor-element-populated\">\n\t\t\t\t\t\t<div class=\"elementor-element elementor-element-29a3daf elementor-widget elementor-widget-heading\" data-id=\"29a3daf\" data-element_type=\"widget\" data-widget_type=\"heading.default\">\n\t\t\t\t<div class=\"elementor-widget-container\">\n\t\t\t\t\t<h1 class=\"elementor-heading-title elementor-size-default\">L'entreprise<\/h1>\t\t\t\t<\/div>\n\t\t\t\t<\/div>\n\t\t\t\t<div class=\"elementor-element elementor-element-846b4ab elementor-widget elementor-widget-html\" data-id=\"846b4ab\" data-element_type=\"widget\" data-widget_type=\"html.default\">\n\t\t\t\t<div class=\"elementor-widget-container\">\n\t\t\t\t\t<p class=\"heading-subtitle white\">Une histoire d'exp\u00e9rience et de succ\u00e8s<\/p>\t\t\t\t<\/div>\n\t\t\t\t<\/div>\n\t\t\t\t\t<\/div>\n\t\t<\/div>\n\t\t\t\t\t<\/div>\n\t\t<\/section>\n\t\t\t\t<section class=\"elementor-section elementor-top-section elementor-element elementor-element-41274c3 elementor-section-boxed elementor-section-height-default elementor-section-height-default\" data-id=\"41274c3\" data-element_type=\"section\">\n\t\t\t\t\t\t<div class=\"elementor-container elementor-column-gap-default\">\n\t\t\t\t\t<div class=\"elementor-column elementor-col-33 elementor-top-column elementor-element elementor-element-772f2a4\" data-id=\"772f2a4\" data-element_type=\"column\">\n\t\t\t<div class=\"elementor-widget-wrap elementor-element-populated\">\n\t\t\t\t\t\t<div class=\"elementor-element elementor-element-95df41e elementor-widget elementor-widget-html\" data-id=\"95df41e\" data-element_type=\"widget\" data-widget_type=\"html.default\">\n\t\t\t\t<div class=\"elementor-widget-container\">\n\t\t\t\t\t<h2>Votre partenaire id\u00e9al\n<\/h2>\n<p class=\"subtitle\">Nous garantissons un r\u00e9sultat parfait aux constructeurs automobiles, aux compagnies d'assurance, aux soci\u00e9t\u00e9s de leasing, aux parcs automobiles d'entreprise et aux particuliers.<\/p>\t\t\t\t<\/div>\n\t\t\t\t<\/div>\n\t\t\t\t\t<\/div>\n\t\t<\/div>\n\t\t\t\t<div class=\"elementor-column elementor-col-33 elementor-top-column elementor-element elementor-element-42a5c87\" data-id=\"42a5c87\" data-element_type=\"column\">\n\t\t\t<div class=\"elementor-widget-wrap elementor-element-populated\">\n\t\t\t\t\t\t<div class=\"elementor-element elementor-element-3faedd6 elementor-widget elementor-widget-html\" data-id=\"3faedd6\" data-element_type=\"widget\" data-widget_type=\"html.default\">\n\t\t\t\t<div class=\"elementor-widget-container\">\n\t\t\t\t\t<div class=\"whs-heading-box\">\n  <div class=\"whs-heading-box--icn\">\n    <img decoding=\"async\"\n      src=\"https:\/\/www.worldhailsystem.com\/wp-content\/uploads\/2022\/11\/whs-world-hail-system-about-icon-mission.svg\"\n      width=\"60\"\n    \/>\n  <\/div>\n  <div class=\"whs-heading-box--desc\">\n    <h3>NOTRE MISSION<\/h3>\n    <p>\n      Notre objectif est d'\u00e9tablir  <strong>une confiance<\/strong> et une relation \u00e0 long terme avec chaque client. Avec plus de 50 techniciens PDR, WHS est organis\u00e9 de telle sorte que nous sommes en mesure d'intervenir, dans des d\u00e9lais tr\u00e8s courts,  <strong>dans toute l'Europe<\/strong>.\n    <\/p>\n  <\/div>\n<\/div>\t\t\t\t<\/div>\n\t\t\t\t<\/div>\n\t\t\t\t\t<\/div>\n\t\t<\/div>\n\t\t\t\t<div class=\"elementor-column elementor-col-33 elementor-top-column elementor-element elementor-element-c2c0fbc\" data-id=\"c2c0fbc\" data-element_type=\"column\">\n\t\t\t<div class=\"elementor-widget-wrap elementor-element-populated\">\n\t\t\t\t\t\t<div class=\"elementor-element elementor-element-cf38d55 elementor-widget elementor-widget-html\" data-id=\"cf38d55\" data-element_type=\"widget\" data-widget_type=\"html.default\">\n\t\t\t\t<div class=\"elementor-widget-container\">\n\t\t\t\t\t<div class=\"whs-heading-box\">\n  <div class=\"whs-heading-box--icn\">\n    <img decoding=\"async\"\n      src=\"https:\/\/www.worldhailsystem.com\/wp-content\/uploads\/2022\/11\/whs-world-hail-system-azienda-icon-sedi.svg\"\n      width=\"60\"\n    \/>\n  <\/div>\n  <div class=\"whs-heading-box--desc\">\n    <h3>NOS BUREAUX<\/h3>\n    <p>\n      WHS a des bureaux \u00e0 <strong>Monaco, en Roumanie et en France<\/strong>. La comp\u00e9tence et la pr\u00e9cision de nos op\u00e9rateurs sont nos marques de fabrique en toutes circonstances. Notre \u00e9quipe de professionnels et nos clients sont  <strong>notre plus grand atout<\/strong>.\n    <\/p>\n  <\/div>\n<\/div>\t\t\t\t<\/div>\n\t\t\t\t<\/div>\n\t\t\t\t\t<\/div>\n\t\t<\/div>\n\t\t\t\t\t<\/div>\n\t\t<\/section>\n\t\t\t\t<section class=\"elementor-section elementor-top-section elementor-element elementor-element-2792cb5 elementor-section-boxed elementor-section-height-default elementor-section-height-default\" data-id=\"2792cb5\" data-element_type=\"section\">\n\t\t\t\t\t\t<div class=\"elementor-container elementor-column-gap-default\">\n\t\t\t\t\t<div class=\"elementor-column elementor-col-50 elementor-top-column elementor-element elementor-element-695bbfc height\" data-id=\"695bbfc\" data-element_type=\"column\" data-settings=\"{&quot;background_background&quot;:&quot;classic&quot;}\">\n\t\t\t<div class=\"elementor-widget-wrap elementor-element-populated\">\n\t\t\t\t\t\t\t<\/div>\n\t\t<\/div>\n\t\t\t\t<div class=\"elementor-column elementor-col-50 elementor-top-column elementor-element elementor-element-fa94f99\" data-id=\"fa94f99\" data-element_type=\"column\">\n\t\t\t<div class=\"elementor-widget-wrap elementor-element-populated\">\n\t\t\t\t\t\t<div class=\"elementor-element elementor-element-5cb72bf elementor-widget elementor-widget-image\" data-id=\"5cb72bf\" data-element_type=\"widget\" data-widget_type=\"image.default\">\n\t\t\t\t<div class=\"elementor-widget-container\">\n\t\t\t\t\t\t\t\t\t\t\t\t\t\t\t<img decoding=\"async\" src=\"https:\/\/www.worldhailsystem.com\/wp-content\/uploads\/elementor\/thumbs\/whs-world-hail-system-whvo-logo-r2ubyewk3r2r3qs7jjda28w7ull7ibksq9aej5jsec.png\" title=\"whs-world-hail-system-whvo-logo.png\" alt=\"whs-world-hail-system-whvo-logo.png\" loading=\"lazy\" \/>\t\t\t\t\t\t\t\t\t\t\t\t\t\t\t<\/div>\n\t\t\t\t<\/div>\n\t\t\t\t<div class=\"elementor-element elementor-element-f0b8e2a elementor-widget elementor-widget-heading\" data-id=\"f0b8e2a\" data-element_type=\"widget\" data-widget_type=\"heading.default\">\n\t\t\t\t<div class=\"elementor-widget-container\">\n\t\t\t\t\t<h2 class=\"elementor-heading-title elementor-size-default\">La solution\u00a0WHS d\u00e9di\u00e9e au B2B<\/h2>\t\t\t\t<\/div>\n\t\t\t\t<\/div>\n\t\t\t\t<div class=\"elementor-element elementor-element-18c17f6 elementor-widget elementor-widget-html\" data-id=\"18c17f6\" data-element_type=\"widget\" data-widget_type=\"html.default\">\n\t\t\t\t<div class=\"elementor-widget-container\">\n\t\t\t\t\t<p>WHvo est l'ensemble des services innovants de la plus haute qualit\u00e9 de WHS exclusivement destin\u00e9s \u00e0 nos clients professionnels (B2B).<\/p>\n\n<p>La prestation de ces services orient\u00e9s vers l'automobile peut \u00eatre r\u00e9alis\u00e9e gr\u00e2ce \u00e0 une <strong>technologie de pointe<\/strong> et \u00e0 un <strong>personnel hautement qualifi\u00e9<\/strong> form\u00e9 directement par WHS.<\/p>\t\t\t\t<\/div>\n\t\t\t\t<\/div>\n\t\t\t\t<div class=\"elementor-element elementor-element-cc813a4 elementor-widget elementor-widget-heading\" data-id=\"cc813a4\" data-element_type=\"widget\" data-widget_type=\"heading.default\">\n\t\t\t\t<div class=\"elementor-widget-container\">\n\t\t\t\t\t<h3 class=\"elementor-heading-title elementor-size-default\">Nos activit\u00e9s sur WHvo sont vari\u00e9es:<\/h3>\t\t\t\t<\/div>\n\t\t\t\t<\/div>\n\t\t\t\t<div class=\"elementor-element elementor-element-5968f71 elementor-widget elementor-widget-html\" data-id=\"5968f71\" data-element_type=\"widget\" data-widget_type=\"html.default\">\n\t\t\t\t<div class=\"elementor-widget-container\">\n\t\t\t\t\t<ul class=\"whvo-list\">\n<li>- D\u00e9bosselage - r\u00e9paration des bosses de gr\u00eale<\/li>\n<li>- Finition de la carrosserie, polissage, etc.<\/li>\n<li>- Traitement des jantes en alliage bicolore et diamant\u00e9es<\/li>\n<li>- Smart et Spot Repair<\/li>\n<li>- Pr\u00e9paration esth\u00e9tique de voitures neuves et d'occasion<\/li>\n<li>- Traitement du cuir (si\u00e8ges, volant, tableaux de bord)<\/li>\n<li>- Wrapping esth\u00e9tique et int\u00e9rieur avec des films de haute qualit\u00e9<\/li>\n<li>- Contr\u00f4le de qualit\u00e9 et livraison des v\u00e9hicules<\/li>\n<li>- Centre d'expertise<\/li>\n<\/ul>\t\t\t\t<\/div>\n\t\t\t\t<\/div>\n\t\t\t\t<div class=\"elementor-element elementor-element-d4a43e8 elementor-align-center elementor-widget elementor-widget-button\" data-id=\"d4a43e8\" data-element_type=\"widget\" data-widget_type=\"button.default\">\n\t\t\t\t<div class=\"elementor-widget-container\">\n\t\t\t\t\t\t\t\t\t<div class=\"elementor-button-wrapper\">\n\t\t\t\t\t<a class=\"elementor-button elementor-button-link elementor-size-sm\" href=\"#elementor-action%3Aaction%3Dpopup%3Aopen%26settings%3DeyJpZCI6MTYyNiwidG9nZ2xlIjpmYWxzZX0%3D\">\n\t\t\t\t\t\t<span class=\"elementor-button-content-wrapper\">\n\t\t\t\t\t\t\t\t\t<span class=\"elementor-button-text\">D\u00c9COUVREZ LES SI\u00c8GES WHVO<\/span>\n\t\t\t\t\t<\/span>\n\t\t\t\t\t<\/a>\n\t\t\t\t<\/div>\n\t\t\t\t\t\t\t\t<\/div>\n\t\t\t\t<\/div>\n\t\t\t\t\t<\/div>\n\t\t<\/div>\n\t\t\t\t\t<\/div>\n\t\t<\/section>\n\t\t\t\t<section class=\"elementor-section elementor-top-section elementor-element elementor-element-858505d elementor-section-boxed elementor-section-height-default elementor-section-height-default\" data-id=\"858505d\" data-element_type=\"section\">\n\t\t\t\t\t\t<div class=\"elementor-container elementor-column-gap-default\">\n\t\t\t\t\t<div class=\"elementor-column elementor-col-50 elementor-top-column elementor-element elementor-element-ff7d310\" data-id=\"ff7d310\" data-element_type=\"column\">\n\t\t\t<div class=\"elementor-widget-wrap elementor-element-populated\">\n\t\t\t\t\t\t<div class=\"elementor-element elementor-element-16a34ed elementor-widget elementor-widget-image\" data-id=\"16a34ed\" data-element_type=\"widget\" data-widget_type=\"image.default\">\n\t\t\t\t<div class=\"elementor-widget-container\">\n\t\t\t\t\t\t\t\t\t\t\t\t\t\t\t<img fetchpriority=\"high\" decoding=\"async\" width=\"800\" height=\"600\" src=\"https:\/\/www.worldhailsystem.com\/wp-content\/uploads\/2023\/04\/whs-world-hail-system-azienda-founder-christian-gori-1.jpg\" class=\"attachment-large size-large wp-image-1607\" alt=\"\" srcset=\"https:\/\/www.worldhailsystem.com\/wp-content\/uploads\/2023\/04\/whs-world-hail-system-azienda-founder-christian-gori-1.jpg 1000w, https:\/\/www.worldhailsystem.com\/wp-content\/uploads\/2023\/04\/whs-world-hail-system-azienda-founder-christian-gori-1-200x150.jpg 200w, https:\/\/www.worldhailsystem.com\/wp-content\/uploads\/2023\/04\/whs-world-hail-system-azienda-founder-christian-gori-1-768x576.jpg 768w\" sizes=\"(max-width: 800px) 100vw, 800px\" \/>\t\t\t\t\t\t\t\t\t\t\t\t\t\t\t<\/div>\n\t\t\t\t<\/div>\n\t\t\t\t\t<\/div>\n\t\t<\/div>\n\t\t\t\t<div class=\"elementor-column elementor-col-50 elementor-top-column elementor-element elementor-element-aa73628\" data-id=\"aa73628\" data-element_type=\"column\">\n\t\t\t<div class=\"elementor-widget-wrap elementor-element-populated\">\n\t\t\t\t\t\t<div class=\"elementor-element elementor-element-49ad77e elementor-widget elementor-widget-html\" data-id=\"49ad77e\" data-element_type=\"widget\" data-widget_type=\"html.default\">\n\t\t\t\t<div class=\"elementor-widget-container\">\n\t\t\t\t\t<h2>Le fondateur: Christian Gori\n<\/h2>\n<p class=\"subtitle\">Parmi les meilleurs techniciens PDR au monde<\/p>\t\t\t\t<\/div>\n\t\t\t\t<\/div>\n\t\t\t\t<div class=\"elementor-element elementor-element-e93a021 elementor-widget elementor-widget-text-editor\" data-id=\"e93a021\" data-element_type=\"widget\" data-widget_type=\"text-editor.default\">\n\t\t\t\t<div class=\"elementor-widget-container\">\n\t\t\t\t\t\t\t\t\t<p>D&rsquo;origine italienne, Christian Gori est le fils d&rsquo;un carrossier. Proche des valeurs du monde de la r\u00e9paration, il <strong>pratique une r\u00e9paration sans peinture 100\u00a0%<\/strong> \u00ab\u00a0haut de gamme\u00a0\u00bb et est l&rsquo;un des meilleurs techniciens PDR au monde.<br \/>Il forme, \u00e9value et recrute toujours ses techniciens avec les crit\u00e8res de ma\u00eetrise et de r\u00e9sultat final de la technique 100\u00a0% PDR.<\/p><p>Gr\u00e2ce \u00e0 l&rsquo;exp\u00e9rience acquise, WHS propose une strat\u00e9gie gagnante bas\u00e9e sur la qualit\u00e9 et la fiabilit\u00e9 de la r\u00e9paration des dommages \u00e0 un faible co\u00fbt, avec la certitude de la satisfaction du client. L&rsquo;objectif est de r\u00e9aliser efficacement les op\u00e9rations de r\u00e9paration dans le secteur automobile, en garantissant l&rsquo;une des normes de service les <strong>plus \u00e9lev\u00e9es<\/strong> du secteur.<\/p>\t\t\t\t\t\t\t\t<\/div>\n\t\t\t\t<\/div>\n\t\t\t\t\t<\/div>\n\t\t<\/div>\n\t\t\t\t\t<\/div>\n\t\t<\/section>\n\t\t\t\t<section class=\"elementor-section elementor-top-section elementor-element elementor-element-79d7179c elementor-section-boxed elementor-section-height-default elementor-section-height-default\" data-id=\"79d7179c\" data-element_type=\"section\" data-settings=\"{&quot;background_background&quot;:&quot;classic&quot;}\">\n\t\t\t\t\t\t<div class=\"elementor-container elementor-column-gap-default\">\n\t\t\t\t\t<div class=\"elementor-column elementor-col-50 elementor-top-column elementor-element elementor-element-715a1b9b\" data-id=\"715a1b9b\" data-element_type=\"column\">\n\t\t\t<div class=\"elementor-widget-wrap elementor-element-populated\">\n\t\t\t\t\t\t<div class=\"elementor-element elementor-element-7461ccb4 elementor-hidden-mobile elementor-widget elementor-widget-html\" data-id=\"7461ccb4\" data-element_type=\"widget\" data-widget_type=\"html.default\">\n\t\t\t\t<div class=\"elementor-widget-container\">\n\t\t\t\t\t<p class=\"cta yellow\">Choisissez notre expertise!\n<\/p>\n<p class=\"subtitle white\">Contactez-nous pour un entretien avec nos charg\u00e9s d'affaires.<\/p>\t\t\t\t<\/div>\n\t\t\t\t<\/div>\n\t\t\t\t<div class=\"elementor-element elementor-element-7f191d68 elementor-hidden-desktop elementor-hidden-tablet elementor-widget elementor-widget-html\" data-id=\"7f191d68\" data-element_type=\"widget\" data-widget_type=\"html.default\">\n\t\t\t\t<div class=\"elementor-widget-container\">\n\t\t\t\t\t<p class=\"cta yellow center\">Choisissez notre expertise!\n<\/p>\n<p class=\"subtitle white center\">Contactez-nous pour un entretien avec nos charg\u00e9s d'affaires.<\/p>\t\t\t\t<\/div>\n\t\t\t\t<\/div>\n\t\t\t\t\t<\/div>\n\t\t<\/div>\n\t\t\t\t<div class=\"elementor-column elementor-col-50 elementor-top-column elementor-element elementor-element-1bcd5edb\" data-id=\"1bcd5edb\" data-element_type=\"column\">\n\t\t\t<div class=\"elementor-widget-wrap elementor-element-populated\">\n\t\t\t\t\t\t<div class=\"elementor-element elementor-element-7843ffc9 elementor-align-center elementor-mobile-align-center elementor-widget elementor-widget-button\" data-id=\"7843ffc9\" data-element_type=\"widget\" data-widget_type=\"button.default\">\n\t\t\t\t<div class=\"elementor-widget-container\">\n\t\t\t\t\t\t\t\t\t<div class=\"elementor-button-wrapper\">\n\t\t\t\t\t<a class=\"elementor-button elementor-button-link elementor-size-sm\" href=\"https:\/\/www.worldhailsystem.com\/fr\/contatti\/\">\n\t\t\t\t\t\t<span class=\"elementor-button-content-wrapper\">\n\t\t\t\t\t\t\t\t\t<span class=\"elementor-button-text\">CONTACTEZ-NOUS <\/span>\n\t\t\t\t\t<\/span>\n\t\t\t\t\t<\/a>\n\t\t\t\t<\/div>\n\t\t\t\t\t\t\t\t<\/div>\n\t\t\t\t<\/div>\n\t\t\t\t\t<\/div>\n\t\t<\/div>\n\t\t\t\t\t<\/div>\n\t\t<\/section>\n\t\t\t\t<\/div>\n\t\t","protected":false},"excerpt":{"rendered":"<p>L&rsquo;entreprise Une histoire d&rsquo;exp\u00e9rience et de succ\u00e8s Votre partenaire id\u00e9al Nous garantissons un r\u00e9sultat parfait aux constructeurs automobiles, aux compagnies d&rsquo;assurance, aux soci\u00e9t\u00e9s de leasing, aux parcs automobiles d&rsquo;entreprise et aux particuliers. NOTRE MISSION Notre objectif est d&rsquo;\u00e9tablir une confiance et une relation \u00e0 long terme avec chaque client. Avec plus de 50 techniciens PDR, [&hellip;]<\/p>\n","protected":false},"author":1,"featured_media":0,"parent":0,"menu_order":0,"comment_status":"closed","ping_status":"closed","template":"","meta":{"inline_featured_image":false,"footnotes":""},"class_list":["post-1479","page","type-page","status-publish","hentry"],"yoast_head":"<!-- This site is optimized with the Yoast SEO plugin v24.6 - https:\/\/yoast.com\/wordpress\/plugins\/seo\/ -->\n<title>L&#039;Entreprise - World Hail System<\/title>\n<meta name=\"robots\" content=\"index, follow, max-snippet:-1, max-image-preview:large, max-video-preview:-1\" \/>\n<link rel=\"canonical\" href=\"https:\/\/www.worldhailsystem.com\/fr\/azienda\/\" \/>\n<meta property=\"og:locale\" content=\"fr_FR\" \/>\n<meta property=\"og:type\" content=\"article\" \/>\n<meta property=\"og:title\" content=\"L&#039;Entreprise - World Hail System\" \/>\n<meta property=\"og:description\" content=\"L&rsquo;entreprise Une histoire d&rsquo;exp\u00e9rience et de succ\u00e8s Votre partenaire id\u00e9al Nous garantissons un r\u00e9sultat parfait aux constructeurs automobiles, aux compagnies d&rsquo;assurance, aux soci\u00e9t\u00e9s de leasing, aux parcs automobiles d&rsquo;entreprise et aux particuliers. NOTRE MISSION Notre objectif est d&rsquo;\u00e9tablir une confiance et une relation \u00e0 long terme avec chaque client. Avec plus de 50 techniciens PDR, [&hellip;]\" \/>\n<meta property=\"og:url\" content=\"https:\/\/www.worldhailsystem.com\/fr\/azienda\/\" \/>\n<meta property=\"og:site_name\" content=\"World Hail System\" \/>\n<meta property=\"article:modified_time\" content=\"2023-04-06T08:02:45+00:00\" \/>\n<meta property=\"og:image\" content=\"https:\/\/www.worldhailsystem.com\/wp-content\/uploads\/elementor\/thumbs\/whs-world-hail-system-whvo-logo-q4knbxkyejtqac4gqw4asltohztf0w45zbibln0y2s.png\" \/>\n<meta name=\"twitter:card\" content=\"summary_large_image\" \/>\n<meta name=\"twitter:label1\" content=\"Dur\u00e9e de lecture estim\u00e9e\" \/>\n\t<meta name=\"twitter:data1\" content=\"3 minutes\" \/>\n<script type=\"application\/ld+json\" class=\"yoast-schema-graph\">{\"@context\":\"https:\/\/schema.org\",\"@graph\":[{\"@type\":\"WebPage\",\"@id\":\"https:\/\/www.worldhailsystem.com\/fr\/azienda\/\",\"url\":\"https:\/\/www.worldhailsystem.com\/fr\/azienda\/\",\"name\":\"L'Entreprise - World Hail System\",\"isPartOf\":{\"@id\":\"https:\/\/www.worldhailsystem.com\/#website\"},\"primaryImageOfPage\":{\"@id\":\"https:\/\/www.worldhailsystem.com\/fr\/azienda\/#primaryimage\"},\"image\":{\"@id\":\"https:\/\/www.worldhailsystem.com\/fr\/azienda\/#primaryimage\"},\"thumbnailUrl\":\"https:\/\/www.worldhailsystem.com\/wp-content\/uploads\/elementor\/thumbs\/whs-world-hail-system-whvo-logo-q4knbxkyejtqac4gqw4asltohztf0w45zbibln0y2s.png\",\"datePublished\":\"2023-04-04T13:12:53+00:00\",\"dateModified\":\"2023-04-06T08:02:45+00:00\",\"breadcrumb\":{\"@id\":\"https:\/\/www.worldhailsystem.com\/fr\/azienda\/#breadcrumb\"},\"inLanguage\":\"fr-FR\",\"potentialAction\":[{\"@type\":\"ReadAction\",\"target\":[\"https:\/\/www.worldhailsystem.com\/fr\/azienda\/\"]}]},{\"@type\":\"ImageObject\",\"inLanguage\":\"fr-FR\",\"@id\":\"https:\/\/www.worldhailsystem.com\/fr\/azienda\/#primaryimage\",\"url\":\"https:\/\/www.worldhailsystem.com\/wp-content\/uploads\/elementor\/thumbs\/whs-world-hail-system-whvo-logo-q4knbxkyejtqac4gqw4asltohztf0w45zbibln0y2s.png\",\"contentUrl\":\"https:\/\/www.worldhailsystem.com\/wp-content\/uploads\/elementor\/thumbs\/whs-world-hail-system-whvo-logo-q4knbxkyejtqac4gqw4asltohztf0w45zbibln0y2s.png\"},{\"@type\":\"BreadcrumbList\",\"@id\":\"https:\/\/www.worldhailsystem.com\/fr\/azienda\/#breadcrumb\",\"itemListElement\":[{\"@type\":\"ListItem\",\"position\":1,\"name\":\"Home\",\"item\":\"https:\/\/www.worldhailsystem.com\/en\/\"},{\"@type\":\"ListItem\",\"position\":2,\"name\":\"L&rsquo;Entreprise\"}]},{\"@type\":\"WebSite\",\"@id\":\"https:\/\/www.worldhailsystem.com\/#website\",\"url\":\"https:\/\/www.worldhailsystem.com\/\",\"name\":\"WorldHail System\",\"description\":\"Tecnologie innovative e servizi di alta qualit&agrave; per l&#039;autoveicolo\",\"publisher\":{\"@id\":\"https:\/\/www.worldhailsystem.com\/#organization\"},\"potentialAction\":[{\"@type\":\"SearchAction\",\"target\":{\"@type\":\"EntryPoint\",\"urlTemplate\":\"https:\/\/www.worldhailsystem.com\/?s={search_term_string}\"},\"query-input\":{\"@type\":\"PropertyValueSpecification\",\"valueRequired\":true,\"valueName\":\"search_term_string\"}}],\"inLanguage\":\"fr-FR\"},{\"@type\":\"Organization\",\"@id\":\"https:\/\/www.worldhailsystem.com\/#organization\",\"name\":\"WorldHail System\",\"url\":\"https:\/\/www.worldhailsystem.com\/\",\"logo\":{\"@type\":\"ImageObject\",\"inLanguage\":\"fr-FR\",\"@id\":\"https:\/\/www.worldhailsystem.com\/#\/schema\/logo\/image\/\",\"url\":\"https:\/\/www.worldhailsystem.com\/wp-content\/uploads\/2022\/11\/whs-world-hail-system-logo.png\",\"contentUrl\":\"https:\/\/www.worldhailsystem.com\/wp-content\/uploads\/2022\/11\/whs-world-hail-system-logo.png\",\"width\":260,\"height\":280,\"caption\":\"WorldHail System\"},\"image\":{\"@id\":\"https:\/\/www.worldhailsystem.com\/#\/schema\/logo\/image\/\"}}]}<\/script>\n<!-- \/ Yoast SEO plugin. -->","yoast_head_json":{"title":"L'Entreprise - World Hail System","robots":{"index":"index","follow":"follow","max-snippet":"max-snippet:-1","max-image-preview":"max-image-preview:large","max-video-preview":"max-video-preview:-1"},"canonical":"https:\/\/www.worldhailsystem.com\/fr\/azienda\/","og_locale":"fr_FR","og_type":"article","og_title":"L'Entreprise - World Hail System","og_description":"L&rsquo;entreprise Une histoire d&rsquo;exp\u00e9rience et de succ\u00e8s Votre partenaire id\u00e9al Nous garantissons un r\u00e9sultat parfait aux constructeurs automobiles, aux compagnies d&rsquo;assurance, aux soci\u00e9t\u00e9s de leasing, aux parcs automobiles d&rsquo;entreprise et aux particuliers. NOTRE MISSION Notre objectif est d&rsquo;\u00e9tablir une confiance et une relation \u00e0 long terme avec chaque client. Avec plus de 50 techniciens PDR, [&hellip;]","og_url":"https:\/\/www.worldhailsystem.com\/fr\/azienda\/","og_site_name":"World Hail System","article_modified_time":"2023-04-06T08:02:45+00:00","og_image":[{"url":"https:\/\/www.worldhailsystem.com\/wp-content\/uploads\/elementor\/thumbs\/whs-world-hail-system-whvo-logo-q4knbxkyejtqac4gqw4asltohztf0w45zbibln0y2s.png","type":"","width":"","height":""}],"twitter_card":"summary_large_image","twitter_misc":{"Dur\u00e9e de lecture estim\u00e9e":"3 minutes"},"schema":{"@context":"https:\/\/schema.org","@graph":[{"@type":"WebPage","@id":"https:\/\/www.worldhailsystem.com\/fr\/azienda\/","url":"https:\/\/www.worldhailsystem.com\/fr\/azienda\/","name":"L'Entreprise - World Hail System","isPartOf":{"@id":"https:\/\/www.worldhailsystem.com\/#website"},"primaryImageOfPage":{"@id":"https:\/\/www.worldhailsystem.com\/fr\/azienda\/#primaryimage"},"image":{"@id":"https:\/\/www.worldhailsystem.com\/fr\/azienda\/#primaryimage"},"thumbnailUrl":"https:\/\/www.worldhailsystem.com\/wp-content\/uploads\/elementor\/thumbs\/whs-world-hail-system-whvo-logo-q4knbxkyejtqac4gqw4asltohztf0w45zbibln0y2s.png","datePublished":"2023-04-04T13:12:53+00:00","dateModified":"2023-04-06T08:02:45+00:00","breadcrumb":{"@id":"https:\/\/www.worldhailsystem.com\/fr\/azienda\/#breadcrumb"},"inLanguage":"fr-FR","potentialAction":[{"@type":"ReadAction","target":["https:\/\/www.worldhailsystem.com\/fr\/azienda\/"]}]},{"@type":"ImageObject","inLanguage":"fr-FR","@id":"https:\/\/www.worldhailsystem.com\/fr\/azienda\/#primaryimage","url":"https:\/\/www.worldhailsystem.com\/wp-content\/uploads\/elementor\/thumbs\/whs-world-hail-system-whvo-logo-q4knbxkyejtqac4gqw4asltohztf0w45zbibln0y2s.png","contentUrl":"https:\/\/www.worldhailsystem.com\/wp-content\/uploads\/elementor\/thumbs\/whs-world-hail-system-whvo-logo-q4knbxkyejtqac4gqw4asltohztf0w45zbibln0y2s.png"},{"@type":"BreadcrumbList","@id":"https:\/\/www.worldhailsystem.com\/fr\/azienda\/#breadcrumb","itemListElement":[{"@type":"ListItem","position":1,"name":"Home","item":"https:\/\/www.worldhailsystem.com\/en\/"},{"@type":"ListItem","position":2,"name":"L&rsquo;Entreprise"}]},{"@type":"WebSite","@id":"https:\/\/www.worldhailsystem.com\/#website","url":"https:\/\/www.worldhailsystem.com\/","name":"WorldHail System","description":"Tecnologie innovative e servizi di alta qualit&agrave; per l&#039;autoveicolo","publisher":{"@id":"https:\/\/www.worldhailsystem.com\/#organization"},"potentialAction":[{"@type":"SearchAction","target":{"@type":"EntryPoint","urlTemplate":"https:\/\/www.worldhailsystem.com\/?s={search_term_string}"},"query-input":{"@type":"PropertyValueSpecification","valueRequired":true,"valueName":"search_term_string"}}],"inLanguage":"fr-FR"},{"@type":"Organization","@id":"https:\/\/www.worldhailsystem.com\/#organization","name":"WorldHail System","url":"https:\/\/www.worldhailsystem.com\/","logo":{"@type":"ImageObject","inLanguage":"fr-FR","@id":"https:\/\/www.worldhailsystem.com\/#\/schema\/logo\/image\/","url":"https:\/\/www.worldhailsystem.com\/wp-content\/uploads\/2022\/11\/whs-world-hail-system-logo.png","contentUrl":"https:\/\/www.worldhailsystem.com\/wp-content\/uploads\/2022\/11\/whs-world-hail-system-logo.png","width":260,"height":280,"caption":"WorldHail System"},"image":{"@id":"https:\/\/www.worldhailsystem.com\/#\/schema\/logo\/image\/"}}]}},"_links":{"self":[{"href":"https:\/\/www.worldhailsystem.com\/fr\/wp-json\/wp\/v2\/pages\/1479","targetHints":{"allow":["GET"]}}],"collection":[{"href":"https:\/\/www.worldhailsystem.com\/fr\/wp-json\/wp\/v2\/pages"}],"about":[{"href":"https:\/\/www.worldhailsystem.com\/fr\/wp-json\/wp\/v2\/types\/page"}],"author":[{"embeddable":true,"href":"https:\/\/www.worldhailsystem.com\/fr\/wp-json\/wp\/v2\/users\/1"}],"replies":[{"embeddable":true,"href":"https:\/\/www.worldhailsystem.com\/fr\/wp-json\/wp\/v2\/comments?post=1479"}],"version-history":[{"count":11,"href":"https:\/\/www.worldhailsystem.com\/fr\/wp-json\/wp\/v2\/pages\/1479\/revisions"}],"predecessor-version":[{"id":1621,"href":"https:\/\/www.worldhailsystem.com\/fr\/wp-json\/wp\/v2\/pages\/1479\/revisions\/1621"}],"wp:attachment":[{"href":"https:\/\/www.worldhailsystem.com\/fr\/wp-json\/wp\/v2\/media?parent=1479"}],"curies":[{"name":"wp","href":"https:\/\/api.w.org\/{rel}","templated":true}]}}