{"id":1802,"date":"2023-04-04T13:12:53","date_gmt":"2023-04-04T13:12:53","guid":{"rendered":"https:\/\/www.worldhailsystem.com\/azienda\/"},"modified":"2023-05-02T15:28:20","modified_gmt":"2023-05-02T15:28:20","slug":"azienda","status":"publish","type":"page","link":"https:\/\/www.worldhailsystem.com\/ro\/azienda\/","title":{"rendered":"Compania"},"content":{"rendered":"\t\t<div data-elementor-type=\"wp-page\" data-elementor-id=\"1802\" class=\"elementor elementor-1802 elementor-1477\" data-elementor-post-type=\"page\">\n\t\t\t\t\t\t<section class=\"elementor-section elementor-top-section elementor-element elementor-element-f21162d elementor-section-boxed elementor-section-height-default elementor-section-height-default\" data-id=\"f21162d\" data-element_type=\"section\" data-settings=\"{&quot;background_background&quot;:&quot;classic&quot;}\">\n\t\t\t\t\t\t<div class=\"elementor-container elementor-column-gap-default\">\n\t\t\t\t\t<div class=\"elementor-column elementor-col-100 elementor-top-column elementor-element elementor-element-61e8ed0\" data-id=\"61e8ed0\" data-element_type=\"column\">\n\t\t\t<div class=\"elementor-widget-wrap elementor-element-populated\">\n\t\t\t\t\t\t<div class=\"elementor-element elementor-element-29a3daf elementor-widget elementor-widget-heading\" data-id=\"29a3daf\" data-element_type=\"widget\" data-widget_type=\"heading.default\">\n\t\t\t\t<div class=\"elementor-widget-container\">\n\t\t\t\t\t<h1 class=\"elementor-heading-title elementor-size-default\">Compania<\/h1>\t\t\t\t<\/div>\n\t\t\t\t<\/div>\n\t\t\t\t<div class=\"elementor-element elementor-element-846b4ab elementor-widget elementor-widget-html\" data-id=\"846b4ab\" data-element_type=\"widget\" data-widget_type=\"html.default\">\n\t\t\t\t<div class=\"elementor-widget-container\">\n\t\t\t\t\t<p class=\"heading-subtitle white\">Povestea unei experiente de succes\n<\/p>\t\t\t\t<\/div>\n\t\t\t\t<\/div>\n\t\t\t\t\t<\/div>\n\t\t<\/div>\n\t\t\t\t\t<\/div>\n\t\t<\/section>\n\t\t\t\t<section class=\"elementor-section elementor-top-section elementor-element elementor-element-41274c3 elementor-section-boxed elementor-section-height-default elementor-section-height-default\" data-id=\"41274c3\" data-element_type=\"section\">\n\t\t\t\t\t\t<div class=\"elementor-container elementor-column-gap-default\">\n\t\t\t\t\t<div class=\"elementor-column elementor-col-33 elementor-top-column elementor-element elementor-element-772f2a4\" data-id=\"772f2a4\" data-element_type=\"column\">\n\t\t\t<div class=\"elementor-widget-wrap elementor-element-populated\">\n\t\t\t\t\t\t<div class=\"elementor-element elementor-element-95df41e elementor-widget elementor-widget-html\" data-id=\"95df41e\" data-element_type=\"widget\" data-widget_type=\"html.default\">\n\t\t\t\t<div class=\"elementor-widget-container\">\n\t\t\t\t\t<h2>Partenerul t\u0103u ideal\n<\/h2>\n<p class=\"subtitle\">Garantam un rezultat perfect pentru producatorii de automobile, pentru companiile de asigurari, companiile de leasing, parcuri auto si persoane fizice.<\/p>\t\t\t\t<\/div>\n\t\t\t\t<\/div>\n\t\t\t\t\t<\/div>\n\t\t<\/div>\n\t\t\t\t<div class=\"elementor-column elementor-col-33 elementor-top-column elementor-element elementor-element-42a5c87\" data-id=\"42a5c87\" data-element_type=\"column\">\n\t\t\t<div class=\"elementor-widget-wrap elementor-element-populated\">\n\t\t\t\t\t\t<div class=\"elementor-element elementor-element-3faedd6 elementor-widget elementor-widget-html\" data-id=\"3faedd6\" data-element_type=\"widget\" data-widget_type=\"html.default\">\n\t\t\t\t<div class=\"elementor-widget-container\">\n\t\t\t\t\t<div class=\"whs-heading-box\">\n  <div class=\"whs-heading-box--icn\">\n    <img decoding=\"async\"\n      src=\"https:\/\/www.worldhailsystem.com\/wp-content\/uploads\/2022\/11\/whs-world-hail-system-about-icon-mission.svg\"\n      width=\"60\"\n    \/>\n  <\/div>\n  <div class=\"whs-heading-box--desc\">\n    <h3>MISIUNEA NOASTR\u0102<\/h3>\n    <p>\n      Scopul nostru este s\u0103 construim o rela\u021bie <strong>de incredere<\/strong>, pe termen lung, cu fiecare client. Cu peste 50 de tehnicieni PDR, WHS este organizat \u00een a\u0219a fel \u00eenc\u00e2t s\u0103 putem interveni, \u00een termene foarte scurte, <strong>\u00een toat\u0103 Europa<\/strong>.\n    <\/p>\n  <\/div>\n<\/div>\t\t\t\t<\/div>\n\t\t\t\t<\/div>\n\t\t\t\t\t<\/div>\n\t\t<\/div>\n\t\t\t\t<div class=\"elementor-column elementor-col-33 elementor-top-column elementor-element elementor-element-c2c0fbc\" data-id=\"c2c0fbc\" data-element_type=\"column\">\n\t\t\t<div class=\"elementor-widget-wrap elementor-element-populated\">\n\t\t\t\t\t\t<div class=\"elementor-element elementor-element-cf38d55 elementor-widget elementor-widget-html\" data-id=\"cf38d55\" data-element_type=\"widget\" data-widget_type=\"html.default\">\n\t\t\t\t<div class=\"elementor-widget-container\">\n\t\t\t\t\t<div class=\"whs-heading-box\">\n  <div class=\"whs-heading-box--icn\">\n    <img decoding=\"async\"\n      src=\"https:\/\/www.worldhailsystem.com\/wp-content\/uploads\/2022\/11\/whs-world-hail-system-azienda-icon-sedi.svg\"\n      width=\"60\"\n    \/>\n  <\/div>\n  <div class=\"whs-heading-box--desc\">\n    <h3>BIROURILE NOASTRE\n<\/h3>\n    <p>\n      WHS are birouri \u00een <strong>Monaco, Rom\u00e2nia \u0219i Fran\u021ba<\/strong>. Competen\u021ba \u0219i precizia operatorilor no\u0219tri sunt calitatile care ne recomanda in orice circumstan\u021ba. Echipa noastr\u0103 de profesioni\u0219ti \u0219i clien\u021bii no\u0219tri sunt cele <strong>mai mari atuuri ale noastre<\/strong>.\n    <\/p>\n  <\/div>\n<\/div>\t\t\t\t<\/div>\n\t\t\t\t<\/div>\n\t\t\t\t\t<\/div>\n\t\t<\/div>\n\t\t\t\t\t<\/div>\n\t\t<\/section>\n\t\t\t\t<section class=\"elementor-section elementor-top-section elementor-element elementor-element-23c3b9d elementor-section-boxed elementor-section-height-default elementor-section-height-default\" data-id=\"23c3b9d\" data-element_type=\"section\">\n\t\t\t\t\t\t<div class=\"elementor-container elementor-column-gap-default\">\n\t\t\t\t\t<div class=\"elementor-column elementor-col-50 elementor-top-column elementor-element elementor-element-70799e9 height\" data-id=\"70799e9\" data-element_type=\"column\" data-settings=\"{&quot;background_background&quot;:&quot;classic&quot;}\">\n\t\t\t<div class=\"elementor-widget-wrap elementor-element-populated\">\n\t\t\t\t\t\t\t<\/div>\n\t\t<\/div>\n\t\t\t\t<div class=\"elementor-column elementor-col-50 elementor-top-column elementor-element elementor-element-ed269f0\" data-id=\"ed269f0\" data-element_type=\"column\">\n\t\t\t<div class=\"elementor-widget-wrap elementor-element-populated\">\n\t\t\t\t\t\t<div class=\"elementor-element elementor-element-0926f3f elementor-widget elementor-widget-image\" data-id=\"0926f3f\" data-element_type=\"widget\" data-widget_type=\"image.default\">\n\t\t\t\t<div class=\"elementor-widget-container\">\n\t\t\t\t\t\t\t\t\t\t\t\t\t\t\t<img decoding=\"async\" src=\"https:\/\/www.worldhailsystem.com\/wp-content\/uploads\/elementor\/thumbs\/whs-world-hail-system-whvo-logo-r2ubyewk3r2r3qs7jjda28w7ull7ibksq9aej5jsec.png\" title=\"whs-world-hail-system-whvo-logo\" alt=\"WHS - WorldHail System - WHvo Logo\" loading=\"lazy\" \/>\t\t\t\t\t\t\t\t\t\t\t\t\t\t\t<\/div>\n\t\t\t\t<\/div>\n\t\t\t\t<div class=\"elementor-element elementor-element-767822e elementor-widget elementor-widget-heading\" data-id=\"767822e\" data-element_type=\"widget\" data-widget_type=\"heading.default\">\n\t\t\t\t<div class=\"elementor-widget-container\">\n\t\t\t\t\t<h2 class=\"elementor-heading-title elementor-size-default\">Solu\u021bia WHS dedicat\u0103 B2B<\/h2>\t\t\t\t<\/div>\n\t\t\t\t<\/div>\n\t\t\t\t<div class=\"elementor-element elementor-element-76c503d elementor-widget elementor-widget-html\" data-id=\"76c503d\" data-element_type=\"widget\" data-widget_type=\"html.default\">\n\t\t\t\t<div class=\"elementor-widget-container\">\n\t\t\t\t\t<p>WHvo cuprinde ansamblul de servicii inovatoare de cea mai \u00eenalt\u0103 calitate prestate de WHS, exclusiv pentru clien\u021bii no\u0219tri persoane juridice (B2B).\n<\/p>\n\n<p>Furnizarea acestor servicii destinate automobilelor este posibila gratie <strong>tehnologiei de ultim\u0103 or\u0103<\/strong> \u0219i a <strong>personalului \u00eenalt calificat<\/strong>, instruit direct de WHS.\n<\/p>\t\t\t\t<\/div>\n\t\t\t\t<\/div>\n\t\t\t\t<div class=\"elementor-element elementor-element-d682060 elementor-widget elementor-widget-heading\" data-id=\"d682060\" data-element_type=\"widget\" data-widget_type=\"heading.default\">\n\t\t\t\t<div class=\"elementor-widget-container\">\n\t\t\t\t\t<h3 class=\"elementor-heading-title elementor-size-default\">Activit\u0103\u021bile noastre WHvo sunt diverisficate:<\/h3>\t\t\t\t<\/div>\n\t\t\t\t<\/div>\n\t\t\t\t<div class=\"elementor-element elementor-element-c83a71c elementor-widget elementor-widget-html\" data-id=\"c83a71c\" data-element_type=\"widget\" data-widget_type=\"html.default\">\n\t\t\t\t<div class=\"elementor-widget-container\">\n\t\t\t\t\t<ul class=\"whvo-list\">\n  <li>- PDR - repararea loviturilor de grindin\u0103<\/li>\n  <li>- Finisare caroserie, lustruire etc.<\/li>\n  <li>- Tratamentul jantelor din aliaj bicolor \u0219i diamantate<\/li>\n  <li>- Smart et Spot Repair<\/li>\n  <li>- Pregatirea estetica a autoturismelor noi si second hand<\/li>\n  <li>- Tratament piele (scaune, volan, bord)<\/li>\n  <li>- Wrapping, inclusiv la interior cu pelicule de \u00eenalt\u0103 calitate<\/li>\n  <li>- Controlul calitatii si livrarea vehiculelor<\/li>\n  <li>- Centru de expertiza<\/li>\n<\/ul>\n\n\n\n\n\n\t\t\t\t<\/div>\n\t\t\t\t<\/div>\n\t\t\t\t<div class=\"elementor-element elementor-element-35a9f6b elementor-align-center elementor-widget elementor-widget-button\" data-id=\"35a9f6b\" data-element_type=\"widget\" data-widget_type=\"button.default\">\n\t\t\t\t<div class=\"elementor-widget-container\">\n\t\t\t\t\t\t\t\t\t<div class=\"elementor-button-wrapper\">\n\t\t\t\t\t<a class=\"elementor-button elementor-button-link elementor-size-sm\" href=\"#elementor-action%3Aaction%3Dpopup%3Aopen%26settings%3DeyJpZCI6MTUwNCwidG9nZ2xlIjpmYWxzZX0%3D\">\n\t\t\t\t\t\t<span class=\"elementor-button-content-wrapper\">\n\t\t\t\t\t\t\t\t\t<span class=\"elementor-button-text\">Descoperiti sediile WHVO<\/span>\n\t\t\t\t\t<\/span>\n\t\t\t\t\t<\/a>\n\t\t\t\t<\/div>\n\t\t\t\t\t\t\t\t<\/div>\n\t\t\t\t<\/div>\n\t\t\t\t\t<\/div>\n\t\t<\/div>\n\t\t\t\t\t<\/div>\n\t\t<\/section>\n\t\t\t\t<section class=\"elementor-section elementor-top-section elementor-element elementor-element-69db506 elementor-section-boxed elementor-section-height-default elementor-section-height-default\" data-id=\"69db506\" data-element_type=\"section\">\n\t\t\t\t\t\t<div class=\"elementor-container elementor-column-gap-default\">\n\t\t\t\t\t<div class=\"elementor-column elementor-col-50 elementor-top-column elementor-element elementor-element-e084ebf\" data-id=\"e084ebf\" data-element_type=\"column\">\n\t\t\t<div class=\"elementor-widget-wrap elementor-element-populated\">\n\t\t\t\t\t\t<div class=\"elementor-element elementor-element-db14dad elementor-widget elementor-widget-image\" data-id=\"db14dad\" data-element_type=\"widget\" data-widget_type=\"image.default\">\n\t\t\t\t<div class=\"elementor-widget-container\">\n\t\t\t\t\t\t\t\t\t\t\t\t\t\t\t<img fetchpriority=\"high\" decoding=\"async\" width=\"800\" height=\"600\" src=\"https:\/\/www.worldhailsystem.com\/wp-content\/uploads\/2023\/04\/whs-world-hail-system-azienda-founder-christian-gori.jpg\" class=\"attachment-large size-large wp-image-1531\" alt=\"\" srcset=\"https:\/\/www.worldhailsystem.com\/wp-content\/uploads\/2023\/04\/whs-world-hail-system-azienda-founder-christian-gori.jpg 1000w, https:\/\/www.worldhailsystem.com\/wp-content\/uploads\/2023\/04\/whs-world-hail-system-azienda-founder-christian-gori-200x150.jpg 200w, https:\/\/www.worldhailsystem.com\/wp-content\/uploads\/2023\/04\/whs-world-hail-system-azienda-founder-christian-gori-768x576.jpg 768w\" sizes=\"(max-width: 800px) 100vw, 800px\" \/>\t\t\t\t\t\t\t\t\t\t\t\t\t\t\t<\/div>\n\t\t\t\t<\/div>\n\t\t\t\t\t<\/div>\n\t\t<\/div>\n\t\t\t\t<div class=\"elementor-column elementor-col-50 elementor-top-column elementor-element elementor-element-95b7513\" data-id=\"95b7513\" data-element_type=\"column\">\n\t\t\t<div class=\"elementor-widget-wrap elementor-element-populated\">\n\t\t\t\t\t\t<div class=\"elementor-element elementor-element-c26ef1c elementor-widget elementor-widget-html\" data-id=\"c26ef1c\" data-element_type=\"widget\" data-widget_type=\"html.default\">\n\t\t\t\t<div class=\"elementor-widget-container\">\n\t\t\t\t\t<h2>Fondatorul: Christian Gori\n<\/h2>\n<p class=\"subtitle\">Printre cei mai buni tehnicieni PDR din lume<\/p>\t\t\t\t<\/div>\n\t\t\t\t<\/div>\n\t\t\t\t<div class=\"elementor-element elementor-element-9624e45 elementor-widget elementor-widget-text-editor\" data-id=\"9624e45\" data-element_type=\"widget\" data-widget_type=\"text-editor.default\">\n\t\t\t\t<div class=\"elementor-widget-container\">\n\t\t\t\t\t\t\t\t\t<p>De origine italian\u0103, Christian Gori este fiul unui carosier. Alaturi de tot ce inseamna valoare, <strong>el practica PDR ul 100% fara vopsire<\/strong>, de cea mai inalta calitate si este unul dintre cei mai buni tehnicieni din lume.<br \/>El instruieste, evalueaza si recruteaza tehnicienii tinand cont de criteriile de stapanire a acestei profesii si de rezultatele finale ale tehnicii 100 % PDR.<\/p><p>Multumita experientei dobandite. WHS ofera o strategie castigatoare bazata pe calitatea si fiabilitatea reparatiei daunelor la un pr\u00eat bun, avand certitudinea satisfactiei clientului. Obiectivul este realizarea in mod eficient a operatiilor de reparatie in sectorul auto, garantand servicii de cea <strong>mai inalta calitate<\/strong> din domeniu<\/p>\t\t\t\t\t\t\t\t<\/div>\n\t\t\t\t<\/div>\n\t\t\t\t\t<\/div>\n\t\t<\/div>\n\t\t\t\t\t<\/div>\n\t\t<\/section>\n\t\t\t\t<section class=\"elementor-section elementor-top-section elementor-element elementor-element-79d7179c elementor-section-boxed elementor-section-height-default elementor-section-height-default\" data-id=\"79d7179c\" data-element_type=\"section\" data-settings=\"{&quot;background_background&quot;:&quot;classic&quot;}\">\n\t\t\t\t\t\t<div class=\"elementor-container elementor-column-gap-default\">\n\t\t\t\t\t<div class=\"elementor-column elementor-col-50 elementor-top-column elementor-element elementor-element-715a1b9b\" data-id=\"715a1b9b\" data-element_type=\"column\">\n\t\t\t<div class=\"elementor-widget-wrap elementor-element-populated\">\n\t\t\t\t\t\t<div class=\"elementor-element elementor-element-7461ccb4 elementor-hidden-mobile elementor-widget elementor-widget-html\" data-id=\"7461ccb4\" data-element_type=\"widget\" data-widget_type=\"html.default\">\n\t\t\t\t<div class=\"elementor-widget-container\">\n\t\t\t\t\t<p class=\"cta yellow\">Alege expertiza noastra!\n<\/p>\n<p class=\"subtitle white\">Contacta\u021bi-ne pentru o intalnire cu managerii no\u0219tri!\n<\/p>\t\t\t\t<\/div>\n\t\t\t\t<\/div>\n\t\t\t\t<div class=\"elementor-element elementor-element-7f191d68 elementor-hidden-desktop elementor-hidden-tablet elementor-widget elementor-widget-html\" data-id=\"7f191d68\" data-element_type=\"widget\" data-widget_type=\"html.default\">\n\t\t\t\t<div class=\"elementor-widget-container\">\n\t\t\t\t\t<p class=\"cta yellow center\">Alege expertiza noastra!\n<\/p>\n<p class=\"subtitle white center\">Contacta\u021bi-ne pentru o intalnire cu managerii no\u0219tri!<\/p>\t\t\t\t<\/div>\n\t\t\t\t<\/div>\n\t\t\t\t\t<\/div>\n\t\t<\/div>\n\t\t\t\t<div class=\"elementor-column elementor-col-50 elementor-top-column elementor-element elementor-element-1bcd5edb\" data-id=\"1bcd5edb\" data-element_type=\"column\">\n\t\t\t<div class=\"elementor-widget-wrap elementor-element-populated\">\n\t\t\t\t\t\t<div class=\"elementor-element elementor-element-7843ffc9 elementor-align-center elementor-mobile-align-center elementor-widget elementor-widget-button\" data-id=\"7843ffc9\" data-element_type=\"widget\" data-widget_type=\"button.default\">\n\t\t\t\t<div class=\"elementor-widget-container\">\n\t\t\t\t\t\t\t\t\t<div class=\"elementor-button-wrapper\">\n\t\t\t\t\t<a class=\"elementor-button elementor-button-link elementor-size-sm\" href=\"https:\/\/www.worldhailsystem.com\/ro\/contatti\/\">\n\t\t\t\t\t\t<span class=\"elementor-button-content-wrapper\">\n\t\t\t\t\t\t\t\t\t<span class=\"elementor-button-text\">CONTActati-ne pentru detalii<\/span>\n\t\t\t\t\t<\/span>\n\t\t\t\t\t<\/a>\n\t\t\t\t<\/div>\n\t\t\t\t\t\t\t\t<\/div>\n\t\t\t\t<\/div>\n\t\t\t\t\t<\/div>\n\t\t<\/div>\n\t\t\t\t\t<\/div>\n\t\t<\/section>\n\t\t\t\t<\/div>\n\t\t","protected":false},"excerpt":{"rendered":"<p>Compania Povestea unei experiente de succes Partenerul t\u0103u ideal Garantam un rezultat perfect pentru producatorii de automobile, pentru companiile de asigurari, companiile de leasing, parcuri auto si persoane fizice. MISIUNEA NOASTR\u0102 Scopul nostru este s\u0103 construim o rela\u021bie de incredere, pe termen lung, cu fiecare client. Cu peste 50 de tehnicieni PDR, WHS este organizat [&hellip;]<\/p>\n","protected":false},"author":1,"featured_media":0,"parent":0,"menu_order":0,"comment_status":"closed","ping_status":"closed","template":"","meta":{"inline_featured_image":false,"footnotes":""},"class_list":["post-1802","page","type-page","status-publish","hentry"],"yoast_head":"<!-- This site is optimized with the Yoast SEO plugin v24.6 - https:\/\/yoast.com\/wordpress\/plugins\/seo\/ -->\n<title>Compania - World Hail System<\/title>\n<meta name=\"robots\" content=\"index, follow, max-snippet:-1, max-image-preview:large, max-video-preview:-1\" \/>\n<link rel=\"canonical\" href=\"https:\/\/www.worldhailsystem.com\/ro\/azienda\/\" \/>\n<meta property=\"og:locale\" content=\"ro_RO\" \/>\n<meta property=\"og:type\" content=\"article\" \/>\n<meta property=\"og:title\" content=\"Compania - World Hail System\" \/>\n<meta property=\"og:description\" content=\"Compania Povestea unei experiente de succes Partenerul t\u0103u ideal Garantam un rezultat perfect pentru producatorii de automobile, pentru companiile de asigurari, companiile de leasing, parcuri auto si persoane fizice. MISIUNEA NOASTR\u0102 Scopul nostru este s\u0103 construim o rela\u021bie de incredere, pe termen lung, cu fiecare client. Cu peste 50 de tehnicieni PDR, WHS este organizat [&hellip;]\" \/>\n<meta property=\"og:url\" content=\"https:\/\/www.worldhailsystem.com\/ro\/azienda\/\" \/>\n<meta property=\"og:site_name\" content=\"World Hail System\" \/>\n<meta property=\"article:modified_time\" content=\"2023-05-02T15:28:20+00:00\" \/>\n<meta property=\"og:image\" content=\"https:\/\/www.worldhailsystem.com\/wp-content\/uploads\/elementor\/thumbs\/whs-world-hail-system-whvo-logo-pz5nzrl069tnt7ekvl0s5lqdkj23b5um5f42li5g90.png\" \/>\n<meta name=\"twitter:card\" content=\"summary_large_image\" \/>\n<meta name=\"twitter:label1\" content=\"Timp estimat pentru citire\" \/>\n\t<meta name=\"twitter:data1\" content=\"3 minute\" \/>\n<script type=\"application\/ld+json\" class=\"yoast-schema-graph\">{\"@context\":\"https:\/\/schema.org\",\"@graph\":[{\"@type\":\"WebPage\",\"@id\":\"https:\/\/www.worldhailsystem.com\/ro\/azienda\/\",\"url\":\"https:\/\/www.worldhailsystem.com\/ro\/azienda\/\",\"name\":\"Compania - World Hail System\",\"isPartOf\":{\"@id\":\"https:\/\/www.worldhailsystem.com\/#website\"},\"primaryImageOfPage\":{\"@id\":\"https:\/\/www.worldhailsystem.com\/ro\/azienda\/#primaryimage\"},\"image\":{\"@id\":\"https:\/\/www.worldhailsystem.com\/ro\/azienda\/#primaryimage\"},\"thumbnailUrl\":\"https:\/\/www.worldhailsystem.com\/wp-content\/uploads\/elementor\/thumbs\/whs-world-hail-system-whvo-logo-pz5nzrl069tnt7ekvl0s5lqdkj23b5um5f42li5g90.png\",\"datePublished\":\"2023-04-04T13:12:53+00:00\",\"dateModified\":\"2023-05-02T15:28:20+00:00\",\"breadcrumb\":{\"@id\":\"https:\/\/www.worldhailsystem.com\/ro\/azienda\/#breadcrumb\"},\"inLanguage\":\"ro-RO\",\"potentialAction\":[{\"@type\":\"ReadAction\",\"target\":[\"https:\/\/www.worldhailsystem.com\/ro\/azienda\/\"]}]},{\"@type\":\"ImageObject\",\"inLanguage\":\"ro-RO\",\"@id\":\"https:\/\/www.worldhailsystem.com\/ro\/azienda\/#primaryimage\",\"url\":\"https:\/\/www.worldhailsystem.com\/wp-content\/uploads\/elementor\/thumbs\/whs-world-hail-system-whvo-logo-pz5nzrl069tnt7ekvl0s5lqdkj23b5um5f42li5g90.png\",\"contentUrl\":\"https:\/\/www.worldhailsystem.com\/wp-content\/uploads\/elementor\/thumbs\/whs-world-hail-system-whvo-logo-pz5nzrl069tnt7ekvl0s5lqdkj23b5um5f42li5g90.png\"},{\"@type\":\"BreadcrumbList\",\"@id\":\"https:\/\/www.worldhailsystem.com\/ro\/azienda\/#breadcrumb\",\"itemListElement\":[{\"@type\":\"ListItem\",\"position\":1,\"name\":\"Home\",\"item\":\"https:\/\/www.worldhailsystem.com\/ro\/\"},{\"@type\":\"ListItem\",\"position\":2,\"name\":\"Compania\"}]},{\"@type\":\"WebSite\",\"@id\":\"https:\/\/www.worldhailsystem.com\/#website\",\"url\":\"https:\/\/www.worldhailsystem.com\/\",\"name\":\"WorldHail System\",\"description\":\"Tecnologie innovative e servizi di alta qualit&agrave; per l&#039;autoveicolo\",\"publisher\":{\"@id\":\"https:\/\/www.worldhailsystem.com\/#organization\"},\"potentialAction\":[{\"@type\":\"SearchAction\",\"target\":{\"@type\":\"EntryPoint\",\"urlTemplate\":\"https:\/\/www.worldhailsystem.com\/?s={search_term_string}\"},\"query-input\":{\"@type\":\"PropertyValueSpecification\",\"valueRequired\":true,\"valueName\":\"search_term_string\"}}],\"inLanguage\":\"ro-RO\"},{\"@type\":\"Organization\",\"@id\":\"https:\/\/www.worldhailsystem.com\/#organization\",\"name\":\"WorldHail System\",\"url\":\"https:\/\/www.worldhailsystem.com\/\",\"logo\":{\"@type\":\"ImageObject\",\"inLanguage\":\"ro-RO\",\"@id\":\"https:\/\/www.worldhailsystem.com\/#\/schema\/logo\/image\/\",\"url\":\"https:\/\/www.worldhailsystem.com\/wp-content\/uploads\/2022\/11\/whs-world-hail-system-logo.png\",\"contentUrl\":\"https:\/\/www.worldhailsystem.com\/wp-content\/uploads\/2022\/11\/whs-world-hail-system-logo.png\",\"width\":260,\"height\":280,\"caption\":\"WorldHail System\"},\"image\":{\"@id\":\"https:\/\/www.worldhailsystem.com\/#\/schema\/logo\/image\/\"}}]}<\/script>\n<!-- \/ Yoast SEO plugin. -->","yoast_head_json":{"title":"Compania - World Hail System","robots":{"index":"index","follow":"follow","max-snippet":"max-snippet:-1","max-image-preview":"max-image-preview:large","max-video-preview":"max-video-preview:-1"},"canonical":"https:\/\/www.worldhailsystem.com\/ro\/azienda\/","og_locale":"ro_RO","og_type":"article","og_title":"Compania - World Hail System","og_description":"Compania Povestea unei experiente de succes Partenerul t\u0103u ideal Garantam un rezultat perfect pentru producatorii de automobile, pentru companiile de asigurari, companiile de leasing, parcuri auto si persoane fizice. MISIUNEA NOASTR\u0102 Scopul nostru este s\u0103 construim o rela\u021bie de incredere, pe termen lung, cu fiecare client. Cu peste 50 de tehnicieni PDR, WHS este organizat [&hellip;]","og_url":"https:\/\/www.worldhailsystem.com\/ro\/azienda\/","og_site_name":"World Hail System","article_modified_time":"2023-05-02T15:28:20+00:00","og_image":[{"url":"https:\/\/www.worldhailsystem.com\/wp-content\/uploads\/elementor\/thumbs\/whs-world-hail-system-whvo-logo-pz5nzrl069tnt7ekvl0s5lqdkj23b5um5f42li5g90.png","type":"","width":"","height":""}],"twitter_card":"summary_large_image","twitter_misc":{"Timp estimat pentru citire":"3 minute"},"schema":{"@context":"https:\/\/schema.org","@graph":[{"@type":"WebPage","@id":"https:\/\/www.worldhailsystem.com\/ro\/azienda\/","url":"https:\/\/www.worldhailsystem.com\/ro\/azienda\/","name":"Compania - World Hail System","isPartOf":{"@id":"https:\/\/www.worldhailsystem.com\/#website"},"primaryImageOfPage":{"@id":"https:\/\/www.worldhailsystem.com\/ro\/azienda\/#primaryimage"},"image":{"@id":"https:\/\/www.worldhailsystem.com\/ro\/azienda\/#primaryimage"},"thumbnailUrl":"https:\/\/www.worldhailsystem.com\/wp-content\/uploads\/elementor\/thumbs\/whs-world-hail-system-whvo-logo-pz5nzrl069tnt7ekvl0s5lqdkj23b5um5f42li5g90.png","datePublished":"2023-04-04T13:12:53+00:00","dateModified":"2023-05-02T15:28:20+00:00","breadcrumb":{"@id":"https:\/\/www.worldhailsystem.com\/ro\/azienda\/#breadcrumb"},"inLanguage":"ro-RO","potentialAction":[{"@type":"ReadAction","target":["https:\/\/www.worldhailsystem.com\/ro\/azienda\/"]}]},{"@type":"ImageObject","inLanguage":"ro-RO","@id":"https:\/\/www.worldhailsystem.com\/ro\/azienda\/#primaryimage","url":"https:\/\/www.worldhailsystem.com\/wp-content\/uploads\/elementor\/thumbs\/whs-world-hail-system-whvo-logo-pz5nzrl069tnt7ekvl0s5lqdkj23b5um5f42li5g90.png","contentUrl":"https:\/\/www.worldhailsystem.com\/wp-content\/uploads\/elementor\/thumbs\/whs-world-hail-system-whvo-logo-pz5nzrl069tnt7ekvl0s5lqdkj23b5um5f42li5g90.png"},{"@type":"BreadcrumbList","@id":"https:\/\/www.worldhailsystem.com\/ro\/azienda\/#breadcrumb","itemListElement":[{"@type":"ListItem","position":1,"name":"Home","item":"https:\/\/www.worldhailsystem.com\/ro\/"},{"@type":"ListItem","position":2,"name":"Compania"}]},{"@type":"WebSite","@id":"https:\/\/www.worldhailsystem.com\/#website","url":"https:\/\/www.worldhailsystem.com\/","name":"WorldHail System","description":"Tecnologie innovative e servizi di alta qualit&agrave; per l&#039;autoveicolo","publisher":{"@id":"https:\/\/www.worldhailsystem.com\/#organization"},"potentialAction":[{"@type":"SearchAction","target":{"@type":"EntryPoint","urlTemplate":"https:\/\/www.worldhailsystem.com\/?s={search_term_string}"},"query-input":{"@type":"PropertyValueSpecification","valueRequired":true,"valueName":"search_term_string"}}],"inLanguage":"ro-RO"},{"@type":"Organization","@id":"https:\/\/www.worldhailsystem.com\/#organization","name":"WorldHail System","url":"https:\/\/www.worldhailsystem.com\/","logo":{"@type":"ImageObject","inLanguage":"ro-RO","@id":"https:\/\/www.worldhailsystem.com\/#\/schema\/logo\/image\/","url":"https:\/\/www.worldhailsystem.com\/wp-content\/uploads\/2022\/11\/whs-world-hail-system-logo.png","contentUrl":"https:\/\/www.worldhailsystem.com\/wp-content\/uploads\/2022\/11\/whs-world-hail-system-logo.png","width":260,"height":280,"caption":"WorldHail System"},"image":{"@id":"https:\/\/www.worldhailsystem.com\/#\/schema\/logo\/image\/"}}]}},"_links":{"self":[{"href":"https:\/\/www.worldhailsystem.com\/ro\/wp-json\/wp\/v2\/pages\/1802","targetHints":{"allow":["GET"]}}],"collection":[{"href":"https:\/\/www.worldhailsystem.com\/ro\/wp-json\/wp\/v2\/pages"}],"about":[{"href":"https:\/\/www.worldhailsystem.com\/ro\/wp-json\/wp\/v2\/types\/page"}],"author":[{"embeddable":true,"href":"https:\/\/www.worldhailsystem.com\/ro\/wp-json\/wp\/v2\/users\/1"}],"replies":[{"embeddable":true,"href":"https:\/\/www.worldhailsystem.com\/ro\/wp-json\/wp\/v2\/comments?post=1802"}],"version-history":[{"count":13,"href":"https:\/\/www.worldhailsystem.com\/ro\/wp-json\/wp\/v2\/pages\/1802\/revisions"}],"predecessor-version":[{"id":1887,"href":"https:\/\/www.worldhailsystem.com\/ro\/wp-json\/wp\/v2\/pages\/1802\/revisions\/1887"}],"wp:attachment":[{"href":"https:\/\/www.worldhailsystem.com\/ro\/wp-json\/wp\/v2\/media?parent=1802"}],"curies":[{"name":"wp","href":"https:\/\/api.w.org\/{rel}","templated":true}]}}