{"id":1819,"date":"2022-11-21T16:11:11","date_gmt":"2022-11-21T16:11:11","guid":{"rendered":"https:\/\/www.worldhailsystem.com\/i-nostri-partners\/"},"modified":"2023-04-28T14:46:31","modified_gmt":"2023-04-28T14:46:31","slug":"i-nostri-partners","status":"publish","type":"page","link":"https:\/\/www.worldhailsystem.com\/ro\/i-nostri-partners\/","title":{"rendered":"Partenerii"},"content":{"rendered":"\t\t<div data-elementor-type=\"wp-page\" data-elementor-id=\"1819\" class=\"elementor elementor-1819 elementor-595\" data-elementor-post-type=\"page\">\n\t\t\t\t\t\t<section class=\"elementor-section elementor-top-section elementor-element elementor-element-6fb3caa8 elementor-section-boxed elementor-section-height-default elementor-section-height-default\" data-id=\"6fb3caa8\" data-element_type=\"section\" data-settings=\"{&quot;background_background&quot;:&quot;classic&quot;}\">\n\t\t\t\t\t\t<div class=\"elementor-container elementor-column-gap-default\">\n\t\t\t\t\t<div class=\"elementor-column elementor-col-100 elementor-top-column elementor-element elementor-element-24191dc2\" data-id=\"24191dc2\" data-element_type=\"column\">\n\t\t\t<div class=\"elementor-widget-wrap elementor-element-populated\">\n\t\t\t\t\t\t<div class=\"elementor-element elementor-element-5c369788 elementor-widget elementor-widget-heading\" data-id=\"5c369788\" data-element_type=\"widget\" data-widget_type=\"heading.default\">\n\t\t\t\t<div class=\"elementor-widget-container\">\n\t\t\t\t\t<h1 class=\"elementor-heading-title elementor-size-default\">Partenerii no\u0219tri<\/h1>\t\t\t\t<\/div>\n\t\t\t\t<\/div>\n\t\t\t\t<div class=\"elementor-element elementor-element-143cb175 elementor-widget elementor-widget-html\" data-id=\"143cb175\" data-element_type=\"widget\" data-widget_type=\"html.default\">\n\t\t\t\t<div class=\"elementor-widget-container\">\n\t\t\t\t\t<p class=\"heading-subtitle white\">Suntem mereu deschi\u0219i c\u0103tre noi colabor\u0103ri<\/p>\t\t\t\t<\/div>\n\t\t\t\t<\/div>\n\t\t\t\t\t<\/div>\n\t\t<\/div>\n\t\t\t\t\t<\/div>\n\t\t<\/section>\n\t\t\t\t<section class=\"elementor-section elementor-top-section elementor-element elementor-element-63279ce elementor-section-boxed elementor-section-height-default elementor-section-height-default\" data-id=\"63279ce\" data-element_type=\"section\">\n\t\t\t\t\t\t<div class=\"elementor-container elementor-column-gap-default\">\n\t\t\t\t\t<div class=\"elementor-column elementor-col-50 elementor-top-column elementor-element elementor-element-4642b37\" data-id=\"4642b37\" data-element_type=\"column\">\n\t\t\t<div class=\"elementor-widget-wrap elementor-element-populated\">\n\t\t\t\t\t\t<div class=\"elementor-element elementor-element-a60ba5a elementor-hidden-tablet elementor-hidden-mobile elementor-widget elementor-widget-image\" data-id=\"a60ba5a\" data-element_type=\"widget\" data-widget_type=\"image.default\">\n\t\t\t\t<div class=\"elementor-widget-container\">\n\t\t\t\t\t\t\t\t\t\t\t\t\t\t\t<img fetchpriority=\"high\" decoding=\"async\" width=\"1000\" height=\"643\" src=\"https:\/\/www.worldhailsystem.com\/wp-content\/uploads\/2023\/04\/whs-world-hail-system-partners.jpg\" class=\"attachment-full size-full wp-image-1545\" alt=\"\" srcset=\"https:\/\/www.worldhailsystem.com\/wp-content\/uploads\/2023\/04\/whs-world-hail-system-partners.jpg 1000w, https:\/\/www.worldhailsystem.com\/wp-content\/uploads\/2023\/04\/whs-world-hail-system-partners-200x129.jpg 200w, https:\/\/www.worldhailsystem.com\/wp-content\/uploads\/2023\/04\/whs-world-hail-system-partners-768x494.jpg 768w\" sizes=\"(max-width: 1000px) 100vw, 1000px\" \/>\t\t\t\t\t\t\t\t\t\t\t\t\t\t\t<\/div>\n\t\t\t\t<\/div>\n\t\t\t\t<div class=\"elementor-element elementor-element-718f24c elementor-hidden-desktop elementor-widget elementor-widget-image\" data-id=\"718f24c\" data-element_type=\"widget\" data-widget_type=\"image.default\">\n\t\t\t\t<div class=\"elementor-widget-container\">\n\t\t\t\t\t\t\t\t\t\t\t\t\t\t\t<img decoding=\"async\" width=\"700\" height=\"685\" src=\"https:\/\/www.worldhailsystem.com\/wp-content\/uploads\/2023\/04\/whs-world-hail-system-partners-mobile.jpg\" class=\"attachment-full size-full wp-image-1569\" alt=\"\" srcset=\"https:\/\/www.worldhailsystem.com\/wp-content\/uploads\/2023\/04\/whs-world-hail-system-partners-mobile.jpg 700w, https:\/\/www.worldhailsystem.com\/wp-content\/uploads\/2023\/04\/whs-world-hail-system-partners-mobile-200x196.jpg 200w\" sizes=\"(max-width: 700px) 100vw, 700px\" \/>\t\t\t\t\t\t\t\t\t\t\t\t\t\t\t<\/div>\n\t\t\t\t<\/div>\n\t\t\t\t\t<\/div>\n\t\t<\/div>\n\t\t\t\t<div class=\"elementor-column elementor-col-50 elementor-top-column elementor-element elementor-element-84e3187\" data-id=\"84e3187\" data-element_type=\"column\">\n\t\t\t<div class=\"elementor-widget-wrap elementor-element-populated\">\n\t\t\t\t\t\t<div class=\"elementor-element elementor-element-1509ac2 elementor-widget elementor-widget-html\" data-id=\"1509ac2\" data-element_type=\"widget\" data-widget_type=\"html.default\">\n\t\t\t\t<div class=\"elementor-widget-container\">\n\t\t\t\t\t<div class=\"whs-heading-box\">\n  <div class=\"whs-heading-box--desc\">\n    <h2>Au \u00eencredere \u00een noi:<\/h2>\n  <\/div>\n<\/div>\t\t\t\t<\/div>\n\t\t\t\t<\/div>\n\t\t\t\t<div class=\"elementor-element elementor-element-bf37e8d elementor-widget elementor-widget-html\" data-id=\"bf37e8d\" data-element_type=\"widget\" data-widget_type=\"html.default\">\n\t\t\t\t<div class=\"elementor-widget-container\">\n\t\t\t\t\t<ul class=\"partners-list\">\n  <li>- Produc\u0103tori de ma\u0219ini<\/li>\n  <li>- Grupuri de dealeri auto<\/li>\n  <li>- Caroserii auto<\/li>\n  <li>- Exper\u021bi \u00een ma\u0219ini<\/li>\n  <li>- Companii de asigurare<\/li>\n  <li>- Companii de inchirieri auto<\/li>\n  <li>- Clien\u021bi priva\u021bi<\/li>\n<\/ul>\t\t\t\t<\/div>\n\t\t\t\t<\/div>\n\t\t\t\t\t<\/div>\n\t\t<\/div>\n\t\t\t\t\t<\/div>\n\t\t<\/section>\n\t\t\t\t<section class=\"elementor-section elementor-top-section elementor-element elementor-element-4ed5399b elementor-section-boxed elementor-section-height-default elementor-section-height-default\" data-id=\"4ed5399b\" data-element_type=\"section\" data-settings=\"{&quot;background_background&quot;:&quot;classic&quot;}\">\n\t\t\t\t\t\t<div class=\"elementor-container elementor-column-gap-default\">\n\t\t\t\t\t<div class=\"elementor-column elementor-col-50 elementor-top-column elementor-element elementor-element-42292196\" data-id=\"42292196\" data-element_type=\"column\">\n\t\t\t<div class=\"elementor-widget-wrap elementor-element-populated\">\n\t\t\t\t\t\t<div class=\"elementor-element elementor-element-698c421b elementor-hidden-mobile elementor-widget elementor-widget-html\" data-id=\"698c421b\" data-element_type=\"widget\" data-widget_type=\"html.default\">\n\t\t\t\t<div class=\"elementor-widget-container\">\n\t\t\t\t\t<p class=\"cta yellow\">Alege expertiza noastra!\n<\/p>\n<p class=\"subtitle white\">Contacta\u021bi-ne pentru o intalnire cu managerii no\u0219tri!\n<\/p>\t\t\t\t<\/div>\n\t\t\t\t<\/div>\n\t\t\t\t<div class=\"elementor-element elementor-element-30242e19 elementor-hidden-desktop elementor-hidden-tablet elementor-widget elementor-widget-html\" data-id=\"30242e19\" data-element_type=\"widget\" data-widget_type=\"html.default\">\n\t\t\t\t<div class=\"elementor-widget-container\">\n\t\t\t\t\t<p class=\"cta yellow center\">Alege expertiza noastra!\n<\/p>\n<p class=\"subtitle white center\">Contacta\u021bi-ne pentru o intalnire cu managerii no\u0219tri!\n<\/p>\t\t\t\t<\/div>\n\t\t\t\t<\/div>\n\t\t\t\t\t<\/div>\n\t\t<\/div>\n\t\t\t\t<div class=\"elementor-column elementor-col-50 elementor-top-column elementor-element elementor-element-4a99865e\" data-id=\"4a99865e\" data-element_type=\"column\">\n\t\t\t<div class=\"elementor-widget-wrap elementor-element-populated\">\n\t\t\t\t\t\t<div class=\"elementor-element elementor-element-486468fe elementor-align-center elementor-mobile-align-center elementor-widget elementor-widget-button\" data-id=\"486468fe\" data-element_type=\"widget\" data-widget_type=\"button.default\">\n\t\t\t\t<div class=\"elementor-widget-container\">\n\t\t\t\t\t\t\t\t\t<div class=\"elementor-button-wrapper\">\n\t\t\t\t\t<a class=\"elementor-button elementor-button-link elementor-size-sm\" href=\"https:\/\/www.worldhailsystem.com\/ro\/contatti\/\">\n\t\t\t\t\t\t<span class=\"elementor-button-content-wrapper\">\n\t\t\t\t\t\t\t\t\t<span class=\"elementor-button-text\">Contactati-ne pentru detalii<\/span>\n\t\t\t\t\t<\/span>\n\t\t\t\t\t<\/a>\n\t\t\t\t<\/div>\n\t\t\t\t\t\t\t\t<\/div>\n\t\t\t\t<\/div>\n\t\t\t\t\t<\/div>\n\t\t<\/div>\n\t\t\t\t\t<\/div>\n\t\t<\/section>\n\t\t\t\t<\/div>\n\t\t","protected":false},"excerpt":{"rendered":"<p>Partenerii no\u0219tri Suntem mereu deschi\u0219i c\u0103tre noi colabor\u0103ri Au \u00eencredere \u00een noi: &#8211; Produc\u0103tori de ma\u0219ini &#8211; Grupuri de dealeri auto &#8211; Caroserii auto &#8211; Exper\u021bi \u00een ma\u0219ini &#8211; Companii de asigurare &#8211; Companii de inchirieri auto &#8211; Clien\u021bi priva\u021bi Alege expertiza noastra! Contacta\u021bi-ne pentru o intalnire cu managerii no\u0219tri! Alege expertiza noastra! Contacta\u021bi-ne pentru [&hellip;]<\/p>\n","protected":false},"author":1,"featured_media":0,"parent":0,"menu_order":0,"comment_status":"closed","ping_status":"closed","template":"","meta":{"inline_featured_image":false,"footnotes":""},"class_list":["post-1819","page","type-page","status-publish","hentry"],"yoast_head":"<!-- This site is optimized with the Yoast SEO plugin v24.6 - https:\/\/yoast.com\/wordpress\/plugins\/seo\/ -->\n<title>Partenerii - World Hail System<\/title>\n<meta name=\"robots\" content=\"index, follow, max-snippet:-1, max-image-preview:large, max-video-preview:-1\" \/>\n<link rel=\"canonical\" href=\"https:\/\/www.worldhailsystem.com\/ro\/i-nostri-partners\/\" \/>\n<meta property=\"og:locale\" content=\"ro_RO\" \/>\n<meta property=\"og:type\" content=\"article\" \/>\n<meta property=\"og:title\" content=\"Partenerii - World Hail System\" \/>\n<meta property=\"og:description\" content=\"Partenerii no\u0219tri Suntem mereu deschi\u0219i c\u0103tre noi colabor\u0103ri Au \u00eencredere \u00een noi: &#8211; Produc\u0103tori de ma\u0219ini &#8211; Grupuri de dealeri auto &#8211; Caroserii auto &#8211; Exper\u021bi \u00een ma\u0219ini &#8211; Companii de asigurare &#8211; Companii de inchirieri auto &#8211; Clien\u021bi priva\u021bi Alege expertiza noastra! Contacta\u021bi-ne pentru o intalnire cu managerii no\u0219tri! Alege expertiza noastra! Contacta\u021bi-ne pentru [&hellip;]\" \/>\n<meta property=\"og:url\" content=\"https:\/\/www.worldhailsystem.com\/ro\/i-nostri-partners\/\" \/>\n<meta property=\"og:site_name\" content=\"World Hail System\" \/>\n<meta property=\"article:modified_time\" content=\"2023-04-28T14:46:31+00:00\" \/>\n<meta property=\"og:image\" content=\"https:\/\/www.worldhailsystem.com\/wp-content\/uploads\/2023\/04\/whs-world-hail-system-partners.jpg\" \/>\n<meta name=\"twitter:card\" content=\"summary_large_image\" \/>\n<meta name=\"twitter:label1\" content=\"Timp estimat pentru citire\" \/>\n\t<meta name=\"twitter:data1\" content=\"1 minut\" \/>\n<script type=\"application\/ld+json\" class=\"yoast-schema-graph\">{\"@context\":\"https:\/\/schema.org\",\"@graph\":[{\"@type\":\"WebPage\",\"@id\":\"https:\/\/www.worldhailsystem.com\/ro\/i-nostri-partners\/\",\"url\":\"https:\/\/www.worldhailsystem.com\/ro\/i-nostri-partners\/\",\"name\":\"Partenerii - World Hail System\",\"isPartOf\":{\"@id\":\"https:\/\/www.worldhailsystem.com\/#website\"},\"primaryImageOfPage\":{\"@id\":\"https:\/\/www.worldhailsystem.com\/ro\/i-nostri-partners\/#primaryimage\"},\"image\":{\"@id\":\"https:\/\/www.worldhailsystem.com\/ro\/i-nostri-partners\/#primaryimage\"},\"thumbnailUrl\":\"https:\/\/www.worldhailsystem.com\/wp-content\/uploads\/2023\/04\/whs-world-hail-system-partners.jpg\",\"datePublished\":\"2022-11-21T16:11:11+00:00\",\"dateModified\":\"2023-04-28T14:46:31+00:00\",\"breadcrumb\":{\"@id\":\"https:\/\/www.worldhailsystem.com\/ro\/i-nostri-partners\/#breadcrumb\"},\"inLanguage\":\"ro-RO\",\"potentialAction\":[{\"@type\":\"ReadAction\",\"target\":[\"https:\/\/www.worldhailsystem.com\/ro\/i-nostri-partners\/\"]}]},{\"@type\":\"ImageObject\",\"inLanguage\":\"ro-RO\",\"@id\":\"https:\/\/www.worldhailsystem.com\/ro\/i-nostri-partners\/#primaryimage\",\"url\":\"https:\/\/www.worldhailsystem.com\/wp-content\/uploads\/2023\/04\/whs-world-hail-system-partners.jpg\",\"contentUrl\":\"https:\/\/www.worldhailsystem.com\/wp-content\/uploads\/2023\/04\/whs-world-hail-system-partners.jpg\"},{\"@type\":\"BreadcrumbList\",\"@id\":\"https:\/\/www.worldhailsystem.com\/ro\/i-nostri-partners\/#breadcrumb\",\"itemListElement\":[{\"@type\":\"ListItem\",\"position\":1,\"name\":\"Home\",\"item\":\"https:\/\/www.worldhailsystem.com\/ro\/\"},{\"@type\":\"ListItem\",\"position\":2,\"name\":\"Partenerii\"}]},{\"@type\":\"WebSite\",\"@id\":\"https:\/\/www.worldhailsystem.com\/#website\",\"url\":\"https:\/\/www.worldhailsystem.com\/\",\"name\":\"WorldHail System\",\"description\":\"Tecnologie innovative e servizi di alta qualit&agrave; per l&#039;autoveicolo\",\"publisher\":{\"@id\":\"https:\/\/www.worldhailsystem.com\/#organization\"},\"potentialAction\":[{\"@type\":\"SearchAction\",\"target\":{\"@type\":\"EntryPoint\",\"urlTemplate\":\"https:\/\/www.worldhailsystem.com\/?s={search_term_string}\"},\"query-input\":{\"@type\":\"PropertyValueSpecification\",\"valueRequired\":true,\"valueName\":\"search_term_string\"}}],\"inLanguage\":\"ro-RO\"},{\"@type\":\"Organization\",\"@id\":\"https:\/\/www.worldhailsystem.com\/#organization\",\"name\":\"WorldHail System\",\"url\":\"https:\/\/www.worldhailsystem.com\/\",\"logo\":{\"@type\":\"ImageObject\",\"inLanguage\":\"ro-RO\",\"@id\":\"https:\/\/www.worldhailsystem.com\/#\/schema\/logo\/image\/\",\"url\":\"https:\/\/www.worldhailsystem.com\/wp-content\/uploads\/2022\/11\/whs-world-hail-system-logo.png\",\"contentUrl\":\"https:\/\/www.worldhailsystem.com\/wp-content\/uploads\/2022\/11\/whs-world-hail-system-logo.png\",\"width\":260,\"height\":280,\"caption\":\"WorldHail System\"},\"image\":{\"@id\":\"https:\/\/www.worldhailsystem.com\/#\/schema\/logo\/image\/\"}}]}<\/script>\n<!-- \/ Yoast SEO plugin. -->","yoast_head_json":{"title":"Partenerii - World Hail System","robots":{"index":"index","follow":"follow","max-snippet":"max-snippet:-1","max-image-preview":"max-image-preview:large","max-video-preview":"max-video-preview:-1"},"canonical":"https:\/\/www.worldhailsystem.com\/ro\/i-nostri-partners\/","og_locale":"ro_RO","og_type":"article","og_title":"Partenerii - World Hail System","og_description":"Partenerii no\u0219tri Suntem mereu deschi\u0219i c\u0103tre noi colabor\u0103ri Au \u00eencredere \u00een noi: &#8211; Produc\u0103tori de ma\u0219ini &#8211; Grupuri de dealeri auto &#8211; Caroserii auto &#8211; Exper\u021bi \u00een ma\u0219ini &#8211; Companii de asigurare &#8211; Companii de inchirieri auto &#8211; Clien\u021bi priva\u021bi Alege expertiza noastra! Contacta\u021bi-ne pentru o intalnire cu managerii no\u0219tri! Alege expertiza noastra! Contacta\u021bi-ne pentru [&hellip;]","og_url":"https:\/\/www.worldhailsystem.com\/ro\/i-nostri-partners\/","og_site_name":"World Hail System","article_modified_time":"2023-04-28T14:46:31+00:00","og_image":[{"url":"https:\/\/www.worldhailsystem.com\/wp-content\/uploads\/2023\/04\/whs-world-hail-system-partners.jpg","type":"","width":"","height":""}],"twitter_card":"summary_large_image","twitter_misc":{"Timp estimat pentru citire":"1 minut"},"schema":{"@context":"https:\/\/schema.org","@graph":[{"@type":"WebPage","@id":"https:\/\/www.worldhailsystem.com\/ro\/i-nostri-partners\/","url":"https:\/\/www.worldhailsystem.com\/ro\/i-nostri-partners\/","name":"Partenerii - World Hail System","isPartOf":{"@id":"https:\/\/www.worldhailsystem.com\/#website"},"primaryImageOfPage":{"@id":"https:\/\/www.worldhailsystem.com\/ro\/i-nostri-partners\/#primaryimage"},"image":{"@id":"https:\/\/www.worldhailsystem.com\/ro\/i-nostri-partners\/#primaryimage"},"thumbnailUrl":"https:\/\/www.worldhailsystem.com\/wp-content\/uploads\/2023\/04\/whs-world-hail-system-partners.jpg","datePublished":"2022-11-21T16:11:11+00:00","dateModified":"2023-04-28T14:46:31+00:00","breadcrumb":{"@id":"https:\/\/www.worldhailsystem.com\/ro\/i-nostri-partners\/#breadcrumb"},"inLanguage":"ro-RO","potentialAction":[{"@type":"ReadAction","target":["https:\/\/www.worldhailsystem.com\/ro\/i-nostri-partners\/"]}]},{"@type":"ImageObject","inLanguage":"ro-RO","@id":"https:\/\/www.worldhailsystem.com\/ro\/i-nostri-partners\/#primaryimage","url":"https:\/\/www.worldhailsystem.com\/wp-content\/uploads\/2023\/04\/whs-world-hail-system-partners.jpg","contentUrl":"https:\/\/www.worldhailsystem.com\/wp-content\/uploads\/2023\/04\/whs-world-hail-system-partners.jpg"},{"@type":"BreadcrumbList","@id":"https:\/\/www.worldhailsystem.com\/ro\/i-nostri-partners\/#breadcrumb","itemListElement":[{"@type":"ListItem","position":1,"name":"Home","item":"https:\/\/www.worldhailsystem.com\/ro\/"},{"@type":"ListItem","position":2,"name":"Partenerii"}]},{"@type":"WebSite","@id":"https:\/\/www.worldhailsystem.com\/#website","url":"https:\/\/www.worldhailsystem.com\/","name":"WorldHail System","description":"Tecnologie innovative e servizi di alta qualit&agrave; per l&#039;autoveicolo","publisher":{"@id":"https:\/\/www.worldhailsystem.com\/#organization"},"potentialAction":[{"@type":"SearchAction","target":{"@type":"EntryPoint","urlTemplate":"https:\/\/www.worldhailsystem.com\/?s={search_term_string}"},"query-input":{"@type":"PropertyValueSpecification","valueRequired":true,"valueName":"search_term_string"}}],"inLanguage":"ro-RO"},{"@type":"Organization","@id":"https:\/\/www.worldhailsystem.com\/#organization","name":"WorldHail System","url":"https:\/\/www.worldhailsystem.com\/","logo":{"@type":"ImageObject","inLanguage":"ro-RO","@id":"https:\/\/www.worldhailsystem.com\/#\/schema\/logo\/image\/","url":"https:\/\/www.worldhailsystem.com\/wp-content\/uploads\/2022\/11\/whs-world-hail-system-logo.png","contentUrl":"https:\/\/www.worldhailsystem.com\/wp-content\/uploads\/2022\/11\/whs-world-hail-system-logo.png","width":260,"height":280,"caption":"WorldHail System"},"image":{"@id":"https:\/\/www.worldhailsystem.com\/#\/schema\/logo\/image\/"}}]}},"_links":{"self":[{"href":"https:\/\/www.worldhailsystem.com\/ro\/wp-json\/wp\/v2\/pages\/1819","targetHints":{"allow":["GET"]}}],"collection":[{"href":"https:\/\/www.worldhailsystem.com\/ro\/wp-json\/wp\/v2\/pages"}],"about":[{"href":"https:\/\/www.worldhailsystem.com\/ro\/wp-json\/wp\/v2\/types\/page"}],"author":[{"embeddable":true,"href":"https:\/\/www.worldhailsystem.com\/ro\/wp-json\/wp\/v2\/users\/1"}],"replies":[{"embeddable":true,"href":"https:\/\/www.worldhailsystem.com\/ro\/wp-json\/wp\/v2\/comments?post=1819"}],"version-history":[{"count":7,"href":"https:\/\/www.worldhailsystem.com\/ro\/wp-json\/wp\/v2\/pages\/1819\/revisions"}],"predecessor-version":[{"id":1865,"href":"https:\/\/www.worldhailsystem.com\/ro\/wp-json\/wp\/v2\/pages\/1819\/revisions\/1865"}],"wp:attachment":[{"href":"https:\/\/www.worldhailsystem.com\/ro\/wp-json\/wp\/v2\/media?parent=1819"}],"curies":[{"name":"wp","href":"https:\/\/api.w.org\/{rel}","templated":true}]}}